{"id":2564,"date":"2024-03-04T18:00:37","date_gmt":"2024-03-04T17:00:37","guid":{"rendered":"https:\/\/simfactory.it\/shipping-and-returns\/"},"modified":"2024-09-17T13:28:24","modified_gmt":"2024-09-17T11:28:24","slug":"shipping-and-returns","status":"publish","type":"page","link":"https:\/\/simfactory.it\/en\/shipping-and-returns\/","title":{"rendered":"Shipping and returns"},"content":{"rendered":"\t\t<div data-elementor-type=\"wp-page\" data-elementor-id=\"2564\" class=\"elementor elementor-2564 elementor-2017\" data-elementor-post-type=\"page\">\n\t\t\t\t<div class=\"elementor-element elementor-element-fdccd53 e-con-full e-flex e-con e-parent\" data-id=\"fdccd53\" data-element_type=\"container\" data-e-type=\"container\">\n\t\t\t\t<div class=\"elementor-element elementor-element-63e3c88 elementor-widget elementor-widget-heading\" data-id=\"63e3c88\" data-element_type=\"widget\" data-e-type=\"widget\" data-widget_type=\"heading.default\">\n\t\t\t\t<div class=\"elementor-widget-container\">\n\t\t\t\t\t<h2 class=\"elementor-heading-title elementor-size-default\">SHIPPING AND DELIVERY<\/h2>\t\t\t\t<\/div>\n\t\t\t\t<\/div>\n\t\t\t\t<div class=\"elementor-element elementor-element-361161b elementor-widget elementor-widget-text-editor\" data-id=\"361161b\" data-element_type=\"widget\" data-e-type=\"widget\" data-widget_type=\"text-editor.default\">\n\t\t\t\t<div class=\"elementor-widget-container\">\n\t\t\t\t\t\t\t\t\t<h3>1. Shipping and Delivery<\/h3>\n<p>Sim Factory S.R.L. offers delivery to the following countries: Austria, Belgium, Bulgaria, Croatia, Denmark, Estonia, Finland, France, Germany, Italy, Latvia, Lithuania, Luxembourg, Netherlands, Poland, Portugal, Czech Republic, Romania, Slovakia, Slovenia, Spain, Sweden, Hungary, United Kingdom, Switzerland, Norway, to the delivery address<br \/>provided by the customer. The terms of delivery and payment will be indicated in more detail in the shopping cart section of the online store at the time of purchase.. There is no minimum order amount.  <\/p>\n<p>We reserve the right to make a partial delivery to the extent that this seems advantageous for quick handling and to the extent that this is reasonable for the customer.<\/p>\n<p>Additionally, we reserve the right to use different shipping companies for the same reasons. Forms of shipment special requested by our customers will be arranged and billed separately. Larger orders are often delivered in multiple packages that may or may not be delivered simultaneously.  <\/p>\n<p>IIf delivery difficulties such as delays, missing or damaged packages occur, the customer should contact the support of Sim Factory S.R.L. by e-mail info@simfactory.it.<\/p>\n<p>The customer at the time of delivery must sign the right of reservation and document any damaged parcels or missing parcels by photo, is also required a photo of the coupon with the signed and completed reserve right. In case of lack of photos and of signing the reserve right, we cannot ensure the refund or supplementation of the damaged\/missing material. <\/p>\n<p>Sim Factory S.R.L. will report the problem to the shipping company and request an investigation. According to the rules of the shipping company, the investigation takes fifteen working days from the delivery of the package from the approval of the complaint. The investigation process cannot be expedited by Sim Factory S.R.L. and may take longer during holidays.  <\/p>\n<h3>2. Delivery Times<\/h3>\n<p>Items in stock (we are not responsible for transport problems) will be shipped within 3-7 business days upon receipt of payment. If the goods are not available at the time of ordering, we will make sure to deliver them as soon as possible. <\/p>\n<p>If the failure to meet a delivery or service deadline can be attributed to force majeure, industrial conflict, problems on the part of our suppliers, unforeseen complications, or other conditions for which we are not at fault, the deadline will be extended accordingly.<\/p>\n<p>If delivery is not possible due to<br \/>the manufacturer&#8217;s or our suppliers&#8217; inability, both we and the customer can terminate the contract if the agreed delivery date exceeds more than 2 months. Claims for damages for default, incapacity or non-performance of obligations, including those arising from the withdrawal from the contract. <\/p>\n<p>The same rules will apply to custom orders and the OnLine store.<\/p>\n<h3>3. Right of withdrawal<\/h3>\n<p>The customer has the right to withdraw from this contract within 7 days without providing any reason. To exercise the right of withdrawal as provided by law, the customer must communicate it through explicit declaration via email: info@simfactory.it. <\/p>\n<p>If the customer withdraws from this Contract, we will refund all payments we have received from the customer, including the delivery costs (excluding: custom orders that are non-returnable and non-refundable). To make the refund we will use the same payment method used by the customer for the original transaction.<\/p>\n<p>In the case of a return, the sender assumes the risk of transportation until Sim Factory S.R.L. receives the goods.<\/p>\n<p>If a customer wishes to return delivered goods, they can do so within fourteen (14) days from the day of delivery. The transportation arrangements for the return shipment are the responsibility of the customer and we will refund the full amount of the goods once they have been returned, inspected and proven to be in excellent condition. Return shipping charges are non- refundable.  <\/p>\n<p>Please note that damaged or used products will not be refunded. If the order\/product is delivered damaged, the customer must document the damage as described in point 1. (Shipping and Delivery) and contact Sim Factory S.R.L. support. <\/p>\n\t\t\t\t\t\t\t\t<\/div>\n\t\t\t\t<\/div>\n\t\t\t\t<\/div>\n\t\t\t\t<\/div>\n\t\t","protected":false},"excerpt":{"rendered":"<p>SHIPPING AND DELIVERY 1. Shipping and Delivery Sim Factory S.R.L. offers delivery to the following countries: Austria, Belgium, Bulgaria, Croatia, Denmark, Estonia, Finland, France, Germany, Italy, Latvia, Lithuania, Luxembourg, Netherlands, Poland, Portugal, Czech Republic, Romania, Slovakia, Slovenia, Spain, Sweden, Hungary, United Kingdom, Switzerland, Norway, to the delivery addressprovided by the customer. The terms of delivery [&hellip;]<\/p>\n","protected":false},"author":1,"featured_media":0,"parent":0,"menu_order":0,"comment_status":"closed","ping_status":"closed","template":"elementor_header_footer","meta":{"footnotes":""},"class_list":["post-2564","page","type-page","status-publish","hentry"],"yoast_head":"<!-- This site is optimized with the Yoast SEO Premium plugin v27.3 (Yoast SEO v27.3) - https:\/\/yoast.com\/product\/yoast-seo-premium-wordpress\/ -->\n<title>Shipping and returns | SimFactory.it<\/title>\n<meta name=\"robots\" content=\"noindex, nofollow\" \/>\n<meta property=\"og:locale\" content=\"en_US\" \/>\n<meta property=\"og:type\" content=\"article\" \/>\n<meta property=\"og:title\" content=\"Shipping and returns\" \/>\n<meta property=\"og:description\" content=\"SHIPPING AND DELIVERY 1. Shipping and Delivery Sim Factory S.R.L. offers delivery to the following countries: Austria, Belgium, Bulgaria, Croatia, Denmark, Estonia, Finland, France, Germany, Italy, Latvia, Lithuania, Luxembourg, Netherlands, Poland, Portugal, Czech Republic, Romania, Slovakia, Slovenia, Spain, Sweden, Hungary, United Kingdom, Switzerland, Norway, to the delivery addressprovided by the customer. The terms of delivery [&hellip;]\" \/>\n<meta property=\"og:url\" content=\"https:\/\/simfactory.it\/en\/shipping-and-returns\/\" \/>\n<meta property=\"og:site_name\" content=\"SimFactory.it\" \/>\n<meta property=\"article:publisher\" content=\"https:\/\/www.facebook.com\/SimFactory.srl\" \/>\n<meta property=\"article:modified_time\" content=\"2024-09-17T11:28:24+00:00\" \/>\n<meta property=\"og:image\" content=\"https:\/\/simfactory.it\/wp-content\/uploads\/LOGO-WOOCOMMERCE-ALTERNATIVO.jpg\" \/>\n\t<meta property=\"og:image:width\" content=\"1200\" \/>\n\t<meta property=\"og:image:height\" content=\"675\" \/>\n\t<meta property=\"og:image:type\" content=\"image\/jpeg\" \/>\n<meta name=\"twitter:card\" content=\"summary_large_image\" \/>\n<meta name=\"twitter:label1\" content=\"Est. reading time\" \/>\n\t<meta name=\"twitter:data1\" content=\"4 minutes\" \/>\n<script type=\"application\/ld+json\" class=\"yoast-schema-graph\">{\"@context\":\"https:\\\/\\\/schema.org\",\"@graph\":[{\"@type\":\"WebPage\",\"@id\":\"https:\\\/\\\/simfactory.it\\\/en\\\/shipping-and-returns\\\/\",\"url\":\"https:\\\/\\\/simfactory.it\\\/en\\\/shipping-and-returns\\\/\",\"name\":\"Shipping and returns | SimFactory.it\",\"isPartOf\":{\"@id\":\"https:\\\/\\\/simfactory.it\\\/en\\\/#website\"},\"datePublished\":\"2024-03-04T17:00:37+00:00\",\"dateModified\":\"2024-09-17T11:28:24+00:00\",\"breadcrumb\":{\"@id\":\"https:\\\/\\\/simfactory.it\\\/en\\\/shipping-and-returns\\\/#breadcrumb\"},\"inLanguage\":\"en-US\",\"potentialAction\":[{\"@type\":\"ReadAction\",\"target\":[\"https:\\\/\\\/simfactory.it\\\/en\\\/shipping-and-returns\\\/\"]}]},{\"@type\":\"BreadcrumbList\",\"@id\":\"https:\\\/\\\/simfactory.it\\\/en\\\/shipping-and-returns\\\/#breadcrumb\",\"itemListElement\":[{\"@type\":\"ListItem\",\"position\":1,\"name\":\"Home\",\"item\":\"https:\\\/\\\/simfactory.it\\\/en\\\/\"},{\"@type\":\"ListItem\",\"position\":2,\"name\":\"Shipping and returns\"}]},{\"@type\":\"WebSite\",\"@id\":\"https:\\\/\\\/simfactory.it\\\/en\\\/#website\",\"url\":\"https:\\\/\\\/simfactory.it\\\/en\\\/\",\"name\":\"Sim Factory\",\"description\":\"Sim Racing Cockpits\",\"publisher\":{\"@id\":\"https:\\\/\\\/simfactory.it\\\/en\\\/#organization\"},\"alternateName\":\"Sim Factory\",\"potentialAction\":[{\"@type\":\"SearchAction\",\"target\":{\"@type\":\"EntryPoint\",\"urlTemplate\":\"https:\\\/\\\/simfactory.it\\\/en\\\/?s={search_term_string}\"},\"query-input\":{\"@type\":\"PropertyValueSpecification\",\"valueRequired\":true,\"valueName\":\"search_term_string\"}}],\"inLanguage\":\"en-US\"},{\"@type\":\"Organization\",\"@id\":\"https:\\\/\\\/simfactory.it\\\/en\\\/#organization\",\"name\":\"Sim Factory S.R.L.\",\"url\":\"https:\\\/\\\/simfactory.it\\\/en\\\/\",\"logo\":{\"@type\":\"ImageObject\",\"inLanguage\":\"en-US\",\"@id\":\"https:\\\/\\\/simfactory.it\\\/en\\\/#\\\/schema\\\/logo\\\/image\\\/\",\"url\":\"https:\\\/\\\/simfactory.it\\\/wp-content\\\/uploads\\\/LOGO-SF-SOCIAL.jpg\",\"contentUrl\":\"https:\\\/\\\/simfactory.it\\\/wp-content\\\/uploads\\\/LOGO-SF-SOCIAL.jpg\",\"width\":1600,\"height\":1600,\"caption\":\"Sim Factory S.R.L.\"},\"image\":{\"@id\":\"https:\\\/\\\/simfactory.it\\\/en\\\/#\\\/schema\\\/logo\\\/image\\\/\"},\"sameAs\":[\"https:\\\/\\\/www.facebook.com\\\/SimFactory.srl\",\"https:\\\/\\\/www.instagram.com\\\/sim_factory\",\"https:\\\/\\\/www.youtube.com\\\/@Sim_Factory\",\"https:\\\/\\\/www.linkedin.com\\\/company\\\/sim-factory-s-r-l\\\/\",\"https:\\\/\\\/www.tiktok.com\\\/@sim.factory\"],\"description\":\"Sim Factory ha come unico obiettivo quello di farvi vivere le emozioni, la passione e l\u2019adrenalina del motorsport perch\u00e9 produciamo postazioni di guida per il sim racing. Le nostre postazioni per simulazione di guida sono progettate ricreando la medesima rigidit\u00e0 del telaio di un\u2019auto da corsa, la stessa risposta alle sollecitazioni che solo i piloti conoscono, per ospitare i volanti e i pedali sim racing pi\u00f9 realistici con la massima versatilit\u00e0. Ogni dettaglio \u00e8 definito e curato con passione per offrirvi autentiche emozioni durante la guida virtuale, creando un\u2019esperienza coinvolgente e realistica. Il sim racer \u00e8 totalmente immerso nella guida, ogni nostro simracing cockpit \u00e8 realizzato per riprodurre fedelmente la posizione di guida delle vetture GT, delle Monoposto di F1 o delle auto da Rally e collaboriamo attivamente con piloti professionisti per garantirvi l\u2019autenticit\u00e0 dell\u2019esperienza. Con Sim Factory, entrerete in un mondo di simulazione di guida senza precedenti, ogni sessione di sim racing diventa un\u2019emozione appassionante, avvicinandovi quanto pi\u00f9 possibile alla pista reale e il vostro simulatore di guida diventer\u00e0 presto il vostro posto preferito. Sim Factory, Racing your Passion.\",\"email\":\"info@simfactory.it\",\"telephone\":\"+39 3342460429\",\"legalName\":\"Sim Factory S.R.L.\",\"vatID\":\"IT12965100014\",\"taxID\":\"IT12965100014\"}]}<\/script>\n<!-- \/ Yoast SEO Premium plugin. -->","yoast_head_json":{"title":"Shipping and returns | SimFactory.it","robots":{"index":"noindex","follow":"nofollow"},"og_locale":"en_US","og_type":"article","og_title":"Shipping and returns","og_description":"SHIPPING AND DELIVERY 1. Shipping and Delivery Sim Factory S.R.L. offers delivery to the following countries: Austria, Belgium, Bulgaria, Croatia, Denmark, Estonia, Finland, France, Germany, Italy, Latvia, Lithuania, Luxembourg, Netherlands, Poland, Portugal, Czech Republic, Romania, Slovakia, Slovenia, Spain, Sweden, Hungary, United Kingdom, Switzerland, Norway, to the delivery addressprovided by the customer. The terms of delivery [&hellip;]","og_url":"https:\/\/simfactory.it\/en\/shipping-and-returns\/","og_site_name":"SimFactory.it","article_publisher":"https:\/\/www.facebook.com\/SimFactory.srl","article_modified_time":"2024-09-17T11:28:24+00:00","og_image":[{"width":1200,"height":675,"url":"https:\/\/simfactory.it\/wp-content\/uploads\/LOGO-WOOCOMMERCE-ALTERNATIVO.jpg","type":"image\/jpeg"}],"twitter_card":"summary_large_image","twitter_misc":{"Est. reading time":"4 minutes"},"schema":{"@context":"https:\/\/schema.org","@graph":[{"@type":"WebPage","@id":"https:\/\/simfactory.it\/en\/shipping-and-returns\/","url":"https:\/\/simfactory.it\/en\/shipping-and-returns\/","name":"Shipping and returns | SimFactory.it","isPartOf":{"@id":"https:\/\/simfactory.it\/en\/#website"},"datePublished":"2024-03-04T17:00:37+00:00","dateModified":"2024-09-17T11:28:24+00:00","breadcrumb":{"@id":"https:\/\/simfactory.it\/en\/shipping-and-returns\/#breadcrumb"},"inLanguage":"en-US","potentialAction":[{"@type":"ReadAction","target":["https:\/\/simfactory.it\/en\/shipping-and-returns\/"]}]},{"@type":"BreadcrumbList","@id":"https:\/\/simfactory.it\/en\/shipping-and-returns\/#breadcrumb","itemListElement":[{"@type":"ListItem","position":1,"name":"Home","item":"https:\/\/simfactory.it\/en\/"},{"@type":"ListItem","position":2,"name":"Shipping and returns"}]},{"@type":"WebSite","@id":"https:\/\/simfactory.it\/en\/#website","url":"https:\/\/simfactory.it\/en\/","name":"Sim Factory","description":"Sim Racing Cockpits","publisher":{"@id":"https:\/\/simfactory.it\/en\/#organization"},"alternateName":"Sim Factory","potentialAction":[{"@type":"SearchAction","target":{"@type":"EntryPoint","urlTemplate":"https:\/\/simfactory.it\/en\/?s={search_term_string}"},"query-input":{"@type":"PropertyValueSpecification","valueRequired":true,"valueName":"search_term_string"}}],"inLanguage":"en-US"},{"@type":"Organization","@id":"https:\/\/simfactory.it\/en\/#organization","name":"Sim Factory S.R.L.","url":"https:\/\/simfactory.it\/en\/","logo":{"@type":"ImageObject","inLanguage":"en-US","@id":"https:\/\/simfactory.it\/en\/#\/schema\/logo\/image\/","url":"https:\/\/simfactory.it\/wp-content\/uploads\/LOGO-SF-SOCIAL.jpg","contentUrl":"https:\/\/simfactory.it\/wp-content\/uploads\/LOGO-SF-SOCIAL.jpg","width":1600,"height":1600,"caption":"Sim Factory S.R.L."},"image":{"@id":"https:\/\/simfactory.it\/en\/#\/schema\/logo\/image\/"},"sameAs":["https:\/\/www.facebook.com\/SimFactory.srl","https:\/\/www.instagram.com\/sim_factory","https:\/\/www.youtube.com\/@Sim_Factory","https:\/\/www.linkedin.com\/company\/sim-factory-s-r-l\/","https:\/\/www.tiktok.com\/@sim.factory"],"description":"Sim Factory ha come unico obiettivo quello di farvi vivere le emozioni, la passione e l\u2019adrenalina del motorsport perch\u00e9 produciamo postazioni di guida per il sim racing. Le nostre postazioni per simulazione di guida sono progettate ricreando la medesima rigidit\u00e0 del telaio di un\u2019auto da corsa, la stessa risposta alle sollecitazioni che solo i piloti conoscono, per ospitare i volanti e i pedali sim racing pi\u00f9 realistici con la massima versatilit\u00e0. Ogni dettaglio \u00e8 definito e curato con passione per offrirvi autentiche emozioni durante la guida virtuale, creando un\u2019esperienza coinvolgente e realistica. Il sim racer \u00e8 totalmente immerso nella guida, ogni nostro simracing cockpit \u00e8 realizzato per riprodurre fedelmente la posizione di guida delle vetture GT, delle Monoposto di F1 o delle auto da Rally e collaboriamo attivamente con piloti professionisti per garantirvi l\u2019autenticit\u00e0 dell\u2019esperienza. Con Sim Factory, entrerete in un mondo di simulazione di guida senza precedenti, ogni sessione di sim racing diventa un\u2019emozione appassionante, avvicinandovi quanto pi\u00f9 possibile alla pista reale e il vostro simulatore di guida diventer\u00e0 presto il vostro posto preferito. Sim Factory, Racing your Passion.","email":"info@simfactory.it","telephone":"+39 3342460429","legalName":"Sim Factory S.R.L.","vatID":"IT12965100014","taxID":"IT12965100014"}]}},"_links":{"self":[{"href":"https:\/\/simfactory.it\/en\/wp-json\/wp\/v2\/pages\/2564","targetHints":{"allow":["GET"]}}],"collection":[{"href":"https:\/\/simfactory.it\/en\/wp-json\/wp\/v2\/pages"}],"about":[{"href":"https:\/\/simfactory.it\/en\/wp-json\/wp\/v2\/types\/page"}],"author":[{"embeddable":true,"href":"https:\/\/simfactory.it\/en\/wp-json\/wp\/v2\/users\/1"}],"replies":[{"embeddable":true,"href":"https:\/\/simfactory.it\/en\/wp-json\/wp\/v2\/comments?post=2564"}],"version-history":[{"count":1,"href":"https:\/\/simfactory.it\/en\/wp-json\/wp\/v2\/pages\/2564\/revisions"}],"predecessor-version":[{"id":2565,"href":"https:\/\/simfactory.it\/en\/wp-json\/wp\/v2\/pages\/2564\/revisions\/2565"}],"wp:attachment":[{"href":"https:\/\/simfactory.it\/en\/wp-json\/wp\/v2\/media?parent=2564"}],"curies":[{"name":"wp","href":"https:\/\/api.w.org\/{rel}","templated":true}]}}