{"id":2733,"date":"2024-01-04T14:43:18","date_gmt":"2024-01-04T13:43:18","guid":{"rendered":"https:\/\/simfactory.it\/prodotto\/shifter-handbrake-mount-competizione\/"},"modified":"2026-04-13T18:50:21","modified_gmt":"2026-04-13T16:50:21","slug":"shifter-handbrake-mount-competizione","status":"publish","type":"product","link":"https:\/\/simfactory.it\/en\/prodotto\/shifter-handbrake-mount-competizione\/","title":{"rendered":"Shifter Handbrake Mount Competizione"},"content":{"rendered":"","protected":false},"excerpt":{"rendered":"<p><strong>Shifter Handbrake Mount Competizione<\/strong> by Sim Factory is the ideal solution for precise installation of your gear shifter and handbrake on your sim racing cockpit.<\/p>\n<p>Specifically designed for the <strong>Competizione<\/strong> cockpit, it requires the <strong>Side Mount Competizione<\/strong> for installation on either the left or right side, offering maximum flexibility and customization.<\/p>\n<p>Engineered for high stability, the shifter and handbrake support remains rock-solid even during the most intense and competitive sim racing sessions. Its reinforced structure prevents unwanted flexing, ensuring precise and reliable performance every time.<\/p>\n<p>Compatible with most popular sim racing peripherals, the adjustable design allows for a fully personalized setup, enhancing both comfort and driving accuracy.<\/p>\n<p>Whether you&#8217;re into GT or Rally, the <strong>Shifter Handbrake Mount Competizione<\/strong> delivers superior ergonomics and performance tailored to your driving style.<\/p>\n<p>Choose the Sim Factory Shifter Handbrake Mount to upgrade your racing simulator with a professional-grade solution built for precision and durability.<\/p>\n","protected":false},"featured_media":1565,"comment_status":"open","ping_status":"closed","template":"","meta":[],"product_brand":[],"product_cat":[43],"product_tag":[],"class_list":{"0":"post-2733","1":"product","2":"type-product","3":"status-publish","4":"has-post-thumbnail","6":"product_cat-accessori","8":"first","9":"instock","10":"taxable","11":"shipping-taxable","12":"purchasable","13":"product-type-simple"},"yoast_head":"<!-- This site is optimized with the Yoast SEO Premium plugin v27.3 (Yoast SEO v27.3) - https:\/\/yoast.com\/product\/yoast-seo-premium-wordpress\/ -->\n<title>Shifter Handbrake Mount Competizione | SimFactory.it<\/title>\n<meta name=\"description\" content=\"Maximum strength and adjustment without flexing: Shifter Handbrake Mount Competizione is the perfect accessory for your racing simulator.\" \/>\n<meta name=\"robots\" content=\"index, follow, max-snippet:-1, max-image-preview:large, max-video-preview:-1\" \/>\n<link rel=\"canonical\" href=\"https:\/\/simfactory.it\/en\/prodotto\/shifter-handbrake-mount-competizione\/\" \/>\n<meta property=\"og:locale\" content=\"en_US\" \/>\n<meta property=\"og:type\" content=\"article\" \/>\n<meta property=\"og:title\" content=\"Shifter Handbrake Mount COMPETIZIONE\" \/>\n<meta property=\"og:description\" content=\"Shifter Handbrake Mount is compatible with most gearshift and handbrakes on the market and the design has been studied to guarantee maximum adjustability without annoying flex of the frame.\" \/>\n<meta property=\"og:url\" content=\"https:\/\/simfactory.it\/en\/prodotto\/shifter-handbrake-mount-competizione\/\" \/>\n<meta property=\"og:site_name\" content=\"SimFactory.it\" \/>\n<meta property=\"article:publisher\" content=\"https:\/\/www.facebook.com\/SimFactory.srl\" \/>\n<meta property=\"article:modified_time\" content=\"2026-04-13T16:50:21+00:00\" \/>\n<meta property=\"og:image\" content=\"https:\/\/simfactory.it\/wp-content\/uploads\/2024\/01\/KI.COP_.03.NO_A-1.jpg\" \/>\n\t<meta property=\"og:image:width\" content=\"1600\" \/>\n\t<meta property=\"og:image:height\" content=\"1600\" \/>\n\t<meta property=\"og:image:type\" content=\"image\/jpeg\" \/>\n<meta name=\"twitter:card\" content=\"summary_large_image\" \/>\n<meta name=\"twitter:title\" content=\"Shifter Handbrake Mount Competizione\" \/>\n<meta name=\"twitter:label1\" content=\"Price\" \/>\n\t<meta name=\"twitter:data1\" content=\"167,00&nbsp;&euro; Iva. Incl.\" \/>\n\t<meta name=\"twitter:label2\" content=\"Availability\" \/>\n\t<meta name=\"twitter:data2\" content=\"In stock\" \/>\n<script type=\"application\/ld+json\" class=\"yoast-schema-graph\">{\"@context\":\"https:\\\/\\\/schema.org\",\"@graph\":[{\"@type\":\"WebPage\",\"@id\":\"https:\\\/\\\/simfactory.it\\\/en\\\/prodotto\\\/shifter-handbrake-mount-competizione\\\/\",\"url\":\"https:\\\/\\\/simfactory.it\\\/en\\\/prodotto\\\/shifter-handbrake-mount-competizione\\\/\",\"name\":\"Shifter Handbrake Mount Competizione | SimFactory.it\",\"isPartOf\":{\"@id\":\"https:\\\/\\\/simfactory.it\\\/en\\\/#website\"},\"primaryImageOfPage\":{\"@id\":\"https:\\\/\\\/simfactory.it\\\/en\\\/prodotto\\\/shifter-handbrake-mount-competizione\\\/#primaryimage\"},\"image\":{\"@id\":\"https:\\\/\\\/simfactory.it\\\/en\\\/prodotto\\\/shifter-handbrake-mount-competizione\\\/#primaryimage\"},\"thumbnailUrl\":\"https:\\\/\\\/simfactory.it\\\/wp-content\\\/uploads\\\/2024\\\/01\\\/KI.COP_.03.NO_A-1.jpg\",\"datePublished\":\"2024-01-04T13:43:18+00:00\",\"dateModified\":\"2026-04-13T16:50:21+00:00\",\"description\":\"Maximum strength and adjustment without flexing: Shifter Handbrake Mount Competizione is the perfect accessory for your racing simulator.\",\"breadcrumb\":{\"@id\":\"https:\\\/\\\/simfactory.it\\\/en\\\/prodotto\\\/shifter-handbrake-mount-competizione\\\/#breadcrumb\"},\"inLanguage\":\"en-US\",\"potentialAction\":[{\"@type\":\"ReadAction\",\"target\":[\"https:\\\/\\\/simfactory.it\\\/en\\\/prodotto\\\/shifter-handbrake-mount-competizione\\\/\"]}]},{\"@type\":\"ImageObject\",\"inLanguage\":\"en-US\",\"@id\":\"https:\\\/\\\/simfactory.it\\\/en\\\/prodotto\\\/shifter-handbrake-mount-competizione\\\/#primaryimage\",\"url\":\"https:\\\/\\\/simfactory.it\\\/wp-content\\\/uploads\\\/2024\\\/01\\\/KI.COP_.03.NO_A-1.jpg\",\"contentUrl\":\"https:\\\/\\\/simfactory.it\\\/wp-content\\\/uploads\\\/2024\\\/01\\\/KI.COP_.03.NO_A-1.jpg\",\"width\":1600,\"height\":1600,\"caption\":\"supporto cambio Postazione di Guida Competizione Shifter Handbrake Mount Competizione\"},{\"@type\":\"BreadcrumbList\",\"@id\":\"https:\\\/\\\/simfactory.it\\\/en\\\/prodotto\\\/shifter-handbrake-mount-competizione\\\/#breadcrumb\",\"itemListElement\":[{\"@type\":\"ListItem\",\"position\":1,\"name\":\"Home\",\"item\":\"https:\\\/\\\/simfactory.it\\\/en\\\/\"},{\"@type\":\"ListItem\",\"position\":2,\"name\":\"Sim Factory Shop\",\"item\":\"https:\\\/\\\/simfactory.it\\\/en\\\/shop\\\/\"},{\"@type\":\"ListItem\",\"position\":3,\"name\":\"Shifter Handbrake Mount Competizione\"}]},{\"@type\":\"WebSite\",\"@id\":\"https:\\\/\\\/simfactory.it\\\/en\\\/#website\",\"url\":\"https:\\\/\\\/simfactory.it\\\/en\\\/\",\"name\":\"Sim Factory\",\"description\":\"Sim Racing Cockpits\",\"publisher\":{\"@id\":\"https:\\\/\\\/simfactory.it\\\/en\\\/#organization\"},\"alternateName\":\"Sim Factory\",\"potentialAction\":[{\"@type\":\"SearchAction\",\"target\":{\"@type\":\"EntryPoint\",\"urlTemplate\":\"https:\\\/\\\/simfactory.it\\\/en\\\/?s={search_term_string}\"},\"query-input\":{\"@type\":\"PropertyValueSpecification\",\"valueRequired\":true,\"valueName\":\"search_term_string\"}}],\"inLanguage\":\"en-US\"},{\"@type\":\"Organization\",\"@id\":\"https:\\\/\\\/simfactory.it\\\/en\\\/#organization\",\"name\":\"Sim Factory S.R.L.\",\"url\":\"https:\\\/\\\/simfactory.it\\\/en\\\/\",\"logo\":{\"@type\":\"ImageObject\",\"inLanguage\":\"en-US\",\"@id\":\"https:\\\/\\\/simfactory.it\\\/en\\\/#\\\/schema\\\/logo\\\/image\\\/\",\"url\":\"https:\\\/\\\/simfactory.it\\\/wp-content\\\/uploads\\\/LOGO-SF-SOCIAL.jpg\",\"contentUrl\":\"https:\\\/\\\/simfactory.it\\\/wp-content\\\/uploads\\\/LOGO-SF-SOCIAL.jpg\",\"width\":1600,\"height\":1600,\"caption\":\"Sim Factory S.R.L.\"},\"image\":{\"@id\":\"https:\\\/\\\/simfactory.it\\\/en\\\/#\\\/schema\\\/logo\\\/image\\\/\"},\"sameAs\":[\"https:\\\/\\\/www.facebook.com\\\/SimFactory.srl\",\"https:\\\/\\\/www.instagram.com\\\/sim_factory\",\"https:\\\/\\\/www.youtube.com\\\/@Sim_Factory\",\"https:\\\/\\\/www.linkedin.com\\\/company\\\/sim-factory-s-r-l\\\/\",\"https:\\\/\\\/www.tiktok.com\\\/@sim.factory\"],\"description\":\"Sim Factory ha come unico obiettivo quello di farvi vivere le emozioni, la passione e l\u2019adrenalina del motorsport perch\u00e9 produciamo postazioni di guida per il sim racing. Le nostre postazioni per simulazione di guida sono progettate ricreando la medesima rigidit\u00e0 del telaio di un\u2019auto da corsa, la stessa risposta alle sollecitazioni che solo i piloti conoscono, per ospitare i volanti e i pedali sim racing pi\u00f9 realistici con la massima versatilit\u00e0. Ogni dettaglio \u00e8 definito e curato con passione per offrirvi autentiche emozioni durante la guida virtuale, creando un\u2019esperienza coinvolgente e realistica. Il sim racer \u00e8 totalmente immerso nella guida, ogni nostro simracing cockpit \u00e8 realizzato per riprodurre fedelmente la posizione di guida delle vetture GT, delle Monoposto di F1 o delle auto da Rally e collaboriamo attivamente con piloti professionisti per garantirvi l\u2019autenticit\u00e0 dell\u2019esperienza. Con Sim Factory, entrerete in un mondo di simulazione di guida senza precedenti, ogni sessione di sim racing diventa un\u2019emozione appassionante, avvicinandovi quanto pi\u00f9 possibile alla pista reale e il vostro simulatore di guida diventer\u00e0 presto il vostro posto preferito. Sim Factory, Racing your Passion.\",\"email\":\"info@simfactory.it\",\"telephone\":\"+39 3342460429\",\"legalName\":\"Sim Factory S.R.L.\",\"vatID\":\"IT12965100014\",\"taxID\":\"IT12965100014\"}]}<\/script>\n<meta property=\"product:price:amount\" content=\"167.00\" \/>\n<meta property=\"product:price:currency\" content=\"EUR\" \/>\n<meta property=\"og:availability\" content=\"instock\" \/>\n<meta property=\"product:availability\" content=\"instock\" \/>\n<meta property=\"product:retailer_item_id\" content=\"KI.COP.03.NO\" \/>\n<meta property=\"product:condition\" content=\"new\" \/>\n<!-- \/ Yoast SEO Premium plugin. -->","yoast_head_json":{"title":"Shifter Handbrake Mount Competizione | SimFactory.it","description":"Maximum strength and adjustment without flexing: Shifter Handbrake Mount Competizione is the perfect accessory for your racing simulator.","robots":{"index":"index","follow":"follow","max-snippet":"max-snippet:-1","max-image-preview":"max-image-preview:large","max-video-preview":"max-video-preview:-1"},"canonical":"https:\/\/simfactory.it\/en\/prodotto\/shifter-handbrake-mount-competizione\/","og_locale":"en_US","og_type":"article","og_title":"Shifter Handbrake Mount COMPETIZIONE","og_description":"Shifter Handbrake Mount is compatible with most gearshift and handbrakes on the market and the design has been studied to guarantee maximum adjustability without annoying flex of the frame.","og_url":"https:\/\/simfactory.it\/en\/prodotto\/shifter-handbrake-mount-competizione\/","og_site_name":"SimFactory.it","article_publisher":"https:\/\/www.facebook.com\/SimFactory.srl","article_modified_time":"2026-04-13T16:50:21+00:00","og_image":[{"width":1600,"height":1600,"url":"https:\/\/simfactory.it\/wp-content\/uploads\/2024\/01\/KI.COP_.03.NO_A-1.jpg","type":"image\/jpeg"}],"twitter_card":"summary_large_image","twitter_title":"Shifter Handbrake Mount Competizione","twitter_misc":{"Price":"167,00&nbsp;&euro; Iva. Incl.","Availability":"In stock"},"schema":{"@context":"https:\/\/schema.org","@graph":[{"@type":"WebPage","@id":"https:\/\/simfactory.it\/en\/prodotto\/shifter-handbrake-mount-competizione\/","url":"https:\/\/simfactory.it\/en\/prodotto\/shifter-handbrake-mount-competizione\/","name":"Shifter Handbrake Mount Competizione | SimFactory.it","isPartOf":{"@id":"https:\/\/simfactory.it\/en\/#website"},"primaryImageOfPage":{"@id":"https:\/\/simfactory.it\/en\/prodotto\/shifter-handbrake-mount-competizione\/#primaryimage"},"image":{"@id":"https:\/\/simfactory.it\/en\/prodotto\/shifter-handbrake-mount-competizione\/#primaryimage"},"thumbnailUrl":"https:\/\/simfactory.it\/wp-content\/uploads\/2024\/01\/KI.COP_.03.NO_A-1.jpg","datePublished":"2024-01-04T13:43:18+00:00","dateModified":"2026-04-13T16:50:21+00:00","description":"Maximum strength and adjustment without flexing: Shifter Handbrake Mount Competizione is the perfect accessory for your racing simulator.","breadcrumb":{"@id":"https:\/\/simfactory.it\/en\/prodotto\/shifter-handbrake-mount-competizione\/#breadcrumb"},"inLanguage":"en-US","potentialAction":[{"@type":"ReadAction","target":["https:\/\/simfactory.it\/en\/prodotto\/shifter-handbrake-mount-competizione\/"]}]},{"@type":"ImageObject","inLanguage":"en-US","@id":"https:\/\/simfactory.it\/en\/prodotto\/shifter-handbrake-mount-competizione\/#primaryimage","url":"https:\/\/simfactory.it\/wp-content\/uploads\/2024\/01\/KI.COP_.03.NO_A-1.jpg","contentUrl":"https:\/\/simfactory.it\/wp-content\/uploads\/2024\/01\/KI.COP_.03.NO_A-1.jpg","width":1600,"height":1600,"caption":"supporto cambio Postazione di Guida Competizione Shifter Handbrake Mount Competizione"},{"@type":"BreadcrumbList","@id":"https:\/\/simfactory.it\/en\/prodotto\/shifter-handbrake-mount-competizione\/#breadcrumb","itemListElement":[{"@type":"ListItem","position":1,"name":"Home","item":"https:\/\/simfactory.it\/en\/"},{"@type":"ListItem","position":2,"name":"Sim Factory Shop","item":"https:\/\/simfactory.it\/en\/shop\/"},{"@type":"ListItem","position":3,"name":"Shifter Handbrake Mount Competizione"}]},{"@type":"WebSite","@id":"https:\/\/simfactory.it\/en\/#website","url":"https:\/\/simfactory.it\/en\/","name":"Sim Factory","description":"Sim Racing Cockpits","publisher":{"@id":"https:\/\/simfactory.it\/en\/#organization"},"alternateName":"Sim Factory","potentialAction":[{"@type":"SearchAction","target":{"@type":"EntryPoint","urlTemplate":"https:\/\/simfactory.it\/en\/?s={search_term_string}"},"query-input":{"@type":"PropertyValueSpecification","valueRequired":true,"valueName":"search_term_string"}}],"inLanguage":"en-US"},{"@type":"Organization","@id":"https:\/\/simfactory.it\/en\/#organization","name":"Sim Factory S.R.L.","url":"https:\/\/simfactory.it\/en\/","logo":{"@type":"ImageObject","inLanguage":"en-US","@id":"https:\/\/simfactory.it\/en\/#\/schema\/logo\/image\/","url":"https:\/\/simfactory.it\/wp-content\/uploads\/LOGO-SF-SOCIAL.jpg","contentUrl":"https:\/\/simfactory.it\/wp-content\/uploads\/LOGO-SF-SOCIAL.jpg","width":1600,"height":1600,"caption":"Sim Factory S.R.L."},"image":{"@id":"https:\/\/simfactory.it\/en\/#\/schema\/logo\/image\/"},"sameAs":["https:\/\/www.facebook.com\/SimFactory.srl","https:\/\/www.instagram.com\/sim_factory","https:\/\/www.youtube.com\/@Sim_Factory","https:\/\/www.linkedin.com\/company\/sim-factory-s-r-l\/","https:\/\/www.tiktok.com\/@sim.factory"],"description":"Sim Factory ha come unico obiettivo quello di farvi vivere le emozioni, la passione e l\u2019adrenalina del motorsport perch\u00e9 produciamo postazioni di guida per il sim racing. Le nostre postazioni per simulazione di guida sono progettate ricreando la medesima rigidit\u00e0 del telaio di un\u2019auto da corsa, la stessa risposta alle sollecitazioni che solo i piloti conoscono, per ospitare i volanti e i pedali sim racing pi\u00f9 realistici con la massima versatilit\u00e0. Ogni dettaglio \u00e8 definito e curato con passione per offrirvi autentiche emozioni durante la guida virtuale, creando un\u2019esperienza coinvolgente e realistica. Il sim racer \u00e8 totalmente immerso nella guida, ogni nostro simracing cockpit \u00e8 realizzato per riprodurre fedelmente la posizione di guida delle vetture GT, delle Monoposto di F1 o delle auto da Rally e collaboriamo attivamente con piloti professionisti per garantirvi l\u2019autenticit\u00e0 dell\u2019esperienza. Con Sim Factory, entrerete in un mondo di simulazione di guida senza precedenti, ogni sessione di sim racing diventa un\u2019emozione appassionante, avvicinandovi quanto pi\u00f9 possibile alla pista reale e il vostro simulatore di guida diventer\u00e0 presto il vostro posto preferito. Sim Factory, Racing your Passion.","email":"info@simfactory.it","telephone":"+39 3342460429","legalName":"Sim Factory S.R.L.","vatID":"IT12965100014","taxID":"IT12965100014"}]},"product_price_amount":"167.00","product_price_currency":"EUR","og_availability":"instock","product_availability":"instock","product_retailer_item_id":"KI.COP.03.NO","product_condition":"new"},"_links":{"self":[{"href":"https:\/\/simfactory.it\/en\/wp-json\/wp\/v2\/product\/2733","targetHints":{"allow":["GET"]}}],"collection":[{"href":"https:\/\/simfactory.it\/en\/wp-json\/wp\/v2\/product"}],"about":[{"href":"https:\/\/simfactory.it\/en\/wp-json\/wp\/v2\/types\/product"}],"replies":[{"embeddable":true,"href":"https:\/\/simfactory.it\/en\/wp-json\/wp\/v2\/comments?post=2733"}],"version-history":[{"count":4,"href":"https:\/\/simfactory.it\/en\/wp-json\/wp\/v2\/product\/2733\/revisions"}],"predecessor-version":[{"id":5115,"href":"https:\/\/simfactory.it\/en\/wp-json\/wp\/v2\/product\/2733\/revisions\/5115"}],"wp:featuredmedia":[{"embeddable":true,"href":"https:\/\/simfactory.it\/en\/wp-json\/wp\/v2\/media\/1565"}],"wp:attachment":[{"href":"https:\/\/simfactory.it\/en\/wp-json\/wp\/v2\/media?parent=2733"}],"wp:term":[{"taxonomy":"product_brand","embeddable":true,"href":"https:\/\/simfactory.it\/en\/wp-json\/wp\/v2\/product_brand?post=2733"},{"taxonomy":"product_cat","embeddable":true,"href":"https:\/\/simfactory.it\/en\/wp-json\/wp\/v2\/product_cat?post=2733"},{"taxonomy":"product_tag","embeddable":true,"href":"https:\/\/simfactory.it\/en\/wp-json\/wp\/v2\/product_tag?post=2733"}],"curies":[{"name":"wp","href":"https:\/\/api.w.org\/{rel}","templated":true}]}}