{"id":2734,"date":"2024-01-04T14:44:41","date_gmt":"2024-01-04T13:44:41","guid":{"rendered":"https:\/\/simfactory.it\/prodotto\/side-mount-competizione\/"},"modified":"2026-04-13T18:50:21","modified_gmt":"2026-04-13T16:50:21","slug":"side-mount-competizione","status":"publish","type":"product","link":"https:\/\/simfactory.it\/en\/prodotto\/side-mount-competizione\/","title":{"rendered":"Side Mount Competizione"},"content":{"rendered":"","protected":false},"excerpt":{"rendered":"<p><strong>Side Mount Competizione<\/strong> by Sim Factory is designed to offer a fully customizable setup for every sim racer. With its precisely engineered design, it allows installation of the <strong>Shifter Handbrake Mount Competizione <\/strong>and the<strong> Mouse Plate Competizione<\/strong> on either the left or right side of the sim racing cockpit\u2014perfectly adapting to your personal driving preferences.<\/p>\n<p>Created for those seeking an advanced sim racing experience, the <strong>Side Mount Competizione<\/strong> ensures full compatibility with high-end peripherals. Whether you&#8217;re racing in GT, Rally, or Endurance, you can configure every sim racing cockpit component with precision and professionalism.<\/p>\n<p>Installation is quick and secure. Built with our signature aluminum profiles and 10 mm thick plates, this mount guarantees rock-solid stability even during high-load, high-intensity sessions. No unwanted movement, no vibrations\u2014just total control and instant feedback.<\/p>\n<p>The Side Mount\u00a0 is the perfect choice for racers looking to complete their sim setup with a premium-grade accessory. Its versatility and build quality make it an essential upgrade for those who demand top performance and full customization from their racing simulator.<\/p>\n","protected":false},"featured_media":1577,"comment_status":"open","ping_status":"closed","template":"","meta":[],"product_brand":[],"product_cat":[43],"product_tag":[],"class_list":{"0":"post-2734","1":"product","2":"type-product","3":"status-publish","4":"has-post-thumbnail","6":"product_cat-accessori","8":"first","9":"instock","10":"taxable","11":"shipping-taxable","12":"purchasable","13":"product-type-simple"},"yoast_head":"<!-- This site is optimized with the Yoast SEO Premium plugin v27.3 (Yoast SEO v27.3) - https:\/\/yoast.com\/product\/yoast-seo-premium-wordpress\/ -->\n<title>Side Mount Competizione | SimFactory.it<\/title>\n<meta name=\"description\" content=\"With Side Mount Competizione, Shifter Handbrake Mount Competizione and Mouse Plate Competizione can be installed from either the left or right side.\" \/>\n<meta name=\"robots\" content=\"index, follow, max-snippet:-1, max-image-preview:large, max-video-preview:-1\" \/>\n<link rel=\"canonical\" href=\"https:\/\/simfactory.it\/en\/prodotto\/side-mount-competizione\/\" \/>\n<meta property=\"og:locale\" content=\"en_US\" \/>\n<meta property=\"og:type\" content=\"article\" \/>\n<meta property=\"og:title\" content=\"Side Mount COMPETIZIONE\" \/>\n<meta property=\"og:description\" content=\"With Side Mount Competizione, Shifter Handbrake Mount Competizione and Mouse Plate Competizione can be installed from either the left or right side.\" \/>\n<meta property=\"og:url\" content=\"https:\/\/simfactory.it\/en\/prodotto\/side-mount-competizione\/\" \/>\n<meta property=\"og:site_name\" content=\"SimFactory.it\" \/>\n<meta property=\"article:publisher\" content=\"https:\/\/www.facebook.com\/SimFactory.srl\" \/>\n<meta property=\"article:modified_time\" content=\"2026-04-13T16:50:21+00:00\" \/>\n<meta property=\"og:image\" content=\"https:\/\/simfactory.it\/wp-content\/uploads\/2024\/01\/KI.COP_.06.NO_A-1.jpg\" \/>\n\t<meta property=\"og:image:width\" content=\"1600\" \/>\n\t<meta property=\"og:image:height\" content=\"1600\" \/>\n\t<meta property=\"og:image:type\" content=\"image\/jpeg\" \/>\n<meta name=\"twitter:card\" content=\"summary_large_image\" \/>\n<meta name=\"twitter:title\" content=\"Side Mount Competizione\" \/>\n<meta name=\"twitter:label1\" content=\"Price\" \/>\n\t<meta name=\"twitter:data1\" content=\"149,00&nbsp;&euro; Iva. Incl.\" \/>\n\t<meta name=\"twitter:label2\" content=\"Availability\" \/>\n\t<meta name=\"twitter:data2\" content=\"In stock\" \/>\n<script type=\"application\/ld+json\" class=\"yoast-schema-graph\">{\"@context\":\"https:\\\/\\\/schema.org\",\"@graph\":[{\"@type\":\"WebPage\",\"@id\":\"https:\\\/\\\/simfactory.it\\\/en\\\/prodotto\\\/side-mount-competizione\\\/\",\"url\":\"https:\\\/\\\/simfactory.it\\\/en\\\/prodotto\\\/side-mount-competizione\\\/\",\"name\":\"Side Mount Competizione | SimFactory.it\",\"isPartOf\":{\"@id\":\"https:\\\/\\\/simfactory.it\\\/en\\\/#website\"},\"primaryImageOfPage\":{\"@id\":\"https:\\\/\\\/simfactory.it\\\/en\\\/prodotto\\\/side-mount-competizione\\\/#primaryimage\"},\"image\":{\"@id\":\"https:\\\/\\\/simfactory.it\\\/en\\\/prodotto\\\/side-mount-competizione\\\/#primaryimage\"},\"thumbnailUrl\":\"https:\\\/\\\/simfactory.it\\\/wp-content\\\/uploads\\\/2024\\\/01\\\/KI.COP_.06.NO_A-1.jpg\",\"datePublished\":\"2024-01-04T13:44:41+00:00\",\"dateModified\":\"2026-04-13T16:50:21+00:00\",\"description\":\"With Side Mount Competizione, Shifter Handbrake Mount Competizione and Mouse Plate Competizione can be installed from either the left or right side.\",\"breadcrumb\":{\"@id\":\"https:\\\/\\\/simfactory.it\\\/en\\\/prodotto\\\/side-mount-competizione\\\/#breadcrumb\"},\"inLanguage\":\"en-US\",\"potentialAction\":[{\"@type\":\"ReadAction\",\"target\":[\"https:\\\/\\\/simfactory.it\\\/en\\\/prodotto\\\/side-mount-competizione\\\/\"]}]},{\"@type\":\"ImageObject\",\"inLanguage\":\"en-US\",\"@id\":\"https:\\\/\\\/simfactory.it\\\/en\\\/prodotto\\\/side-mount-competizione\\\/#primaryimage\",\"url\":\"https:\\\/\\\/simfactory.it\\\/wp-content\\\/uploads\\\/2024\\\/01\\\/KI.COP_.06.NO_A-1.jpg\",\"contentUrl\":\"https:\\\/\\\/simfactory.it\\\/wp-content\\\/uploads\\\/2024\\\/01\\\/KI.COP_.06.NO_A-1.jpg\",\"width\":1600,\"height\":1600,\"caption\":\"With Side Mount Competizione, Shifter Handbrake Mount Competizione and Mouse Plate Competizione can be installed from either the left or right side.\"},{\"@type\":\"BreadcrumbList\",\"@id\":\"https:\\\/\\\/simfactory.it\\\/en\\\/prodotto\\\/side-mount-competizione\\\/#breadcrumb\",\"itemListElement\":[{\"@type\":\"ListItem\",\"position\":1,\"name\":\"Home\",\"item\":\"https:\\\/\\\/simfactory.it\\\/en\\\/\"},{\"@type\":\"ListItem\",\"position\":2,\"name\":\"Sim Factory Shop\",\"item\":\"https:\\\/\\\/simfactory.it\\\/en\\\/shop\\\/\"},{\"@type\":\"ListItem\",\"position\":3,\"name\":\"Side Mount Competizione\"}]},{\"@type\":\"WebSite\",\"@id\":\"https:\\\/\\\/simfactory.it\\\/en\\\/#website\",\"url\":\"https:\\\/\\\/simfactory.it\\\/en\\\/\",\"name\":\"Sim Factory\",\"description\":\"Sim Racing Cockpits\",\"publisher\":{\"@id\":\"https:\\\/\\\/simfactory.it\\\/en\\\/#organization\"},\"alternateName\":\"Sim Factory\",\"potentialAction\":[{\"@type\":\"SearchAction\",\"target\":{\"@type\":\"EntryPoint\",\"urlTemplate\":\"https:\\\/\\\/simfactory.it\\\/en\\\/?s={search_term_string}\"},\"query-input\":{\"@type\":\"PropertyValueSpecification\",\"valueRequired\":true,\"valueName\":\"search_term_string\"}}],\"inLanguage\":\"en-US\"},{\"@type\":\"Organization\",\"@id\":\"https:\\\/\\\/simfactory.it\\\/en\\\/#organization\",\"name\":\"Sim Factory S.R.L.\",\"url\":\"https:\\\/\\\/simfactory.it\\\/en\\\/\",\"logo\":{\"@type\":\"ImageObject\",\"inLanguage\":\"en-US\",\"@id\":\"https:\\\/\\\/simfactory.it\\\/en\\\/#\\\/schema\\\/logo\\\/image\\\/\",\"url\":\"https:\\\/\\\/simfactory.it\\\/wp-content\\\/uploads\\\/LOGO-SF-SOCIAL.jpg\",\"contentUrl\":\"https:\\\/\\\/simfactory.it\\\/wp-content\\\/uploads\\\/LOGO-SF-SOCIAL.jpg\",\"width\":1600,\"height\":1600,\"caption\":\"Sim Factory S.R.L.\"},\"image\":{\"@id\":\"https:\\\/\\\/simfactory.it\\\/en\\\/#\\\/schema\\\/logo\\\/image\\\/\"},\"sameAs\":[\"https:\\\/\\\/www.facebook.com\\\/SimFactory.srl\",\"https:\\\/\\\/www.instagram.com\\\/sim_factory\",\"https:\\\/\\\/www.youtube.com\\\/@Sim_Factory\",\"https:\\\/\\\/www.linkedin.com\\\/company\\\/sim-factory-s-r-l\\\/\",\"https:\\\/\\\/www.tiktok.com\\\/@sim.factory\"],\"description\":\"Sim Factory ha come unico obiettivo quello di farvi vivere le emozioni, la passione e l\u2019adrenalina del motorsport perch\u00e9 produciamo postazioni di guida per il sim racing. Le nostre postazioni per simulazione di guida sono progettate ricreando la medesima rigidit\u00e0 del telaio di un\u2019auto da corsa, la stessa risposta alle sollecitazioni che solo i piloti conoscono, per ospitare i volanti e i pedali sim racing pi\u00f9 realistici con la massima versatilit\u00e0. Ogni dettaglio \u00e8 definito e curato con passione per offrirvi autentiche emozioni durante la guida virtuale, creando un\u2019esperienza coinvolgente e realistica. Il sim racer \u00e8 totalmente immerso nella guida, ogni nostro simracing cockpit \u00e8 realizzato per riprodurre fedelmente la posizione di guida delle vetture GT, delle Monoposto di F1 o delle auto da Rally e collaboriamo attivamente con piloti professionisti per garantirvi l\u2019autenticit\u00e0 dell\u2019esperienza. Con Sim Factory, entrerete in un mondo di simulazione di guida senza precedenti, ogni sessione di sim racing diventa un\u2019emozione appassionante, avvicinandovi quanto pi\u00f9 possibile alla pista reale e il vostro simulatore di guida diventer\u00e0 presto il vostro posto preferito. Sim Factory, Racing your Passion.\",\"email\":\"info@simfactory.it\",\"telephone\":\"+39 3342460429\",\"legalName\":\"Sim Factory S.R.L.\",\"vatID\":\"IT12965100014\",\"taxID\":\"IT12965100014\"}]}<\/script>\n<meta property=\"product:price:amount\" content=\"149.00\" \/>\n<meta property=\"product:price:currency\" content=\"EUR\" \/>\n<meta property=\"og:availability\" content=\"instock\" \/>\n<meta property=\"product:availability\" content=\"instock\" \/>\n<meta property=\"product:retailer_item_id\" content=\"KI.COP.06.NO\" \/>\n<meta property=\"product:condition\" content=\"new\" \/>\n<!-- \/ Yoast SEO Premium plugin. -->","yoast_head_json":{"title":"Side Mount Competizione | SimFactory.it","description":"With Side Mount Competizione, Shifter Handbrake Mount Competizione and Mouse Plate Competizione can be installed from either the left or right side.","robots":{"index":"index","follow":"follow","max-snippet":"max-snippet:-1","max-image-preview":"max-image-preview:large","max-video-preview":"max-video-preview:-1"},"canonical":"https:\/\/simfactory.it\/en\/prodotto\/side-mount-competizione\/","og_locale":"en_US","og_type":"article","og_title":"Side Mount COMPETIZIONE","og_description":"With Side Mount Competizione, Shifter Handbrake Mount Competizione and Mouse Plate Competizione can be installed from either the left or right side.","og_url":"https:\/\/simfactory.it\/en\/prodotto\/side-mount-competizione\/","og_site_name":"SimFactory.it","article_publisher":"https:\/\/www.facebook.com\/SimFactory.srl","article_modified_time":"2026-04-13T16:50:21+00:00","og_image":[{"width":1600,"height":1600,"url":"https:\/\/simfactory.it\/wp-content\/uploads\/2024\/01\/KI.COP_.06.NO_A-1.jpg","type":"image\/jpeg"}],"twitter_card":"summary_large_image","twitter_title":"Side Mount Competizione","twitter_misc":{"Price":"149,00&nbsp;&euro; Iva. Incl.","Availability":"In stock"},"schema":{"@context":"https:\/\/schema.org","@graph":[{"@type":"WebPage","@id":"https:\/\/simfactory.it\/en\/prodotto\/side-mount-competizione\/","url":"https:\/\/simfactory.it\/en\/prodotto\/side-mount-competizione\/","name":"Side Mount Competizione | SimFactory.it","isPartOf":{"@id":"https:\/\/simfactory.it\/en\/#website"},"primaryImageOfPage":{"@id":"https:\/\/simfactory.it\/en\/prodotto\/side-mount-competizione\/#primaryimage"},"image":{"@id":"https:\/\/simfactory.it\/en\/prodotto\/side-mount-competizione\/#primaryimage"},"thumbnailUrl":"https:\/\/simfactory.it\/wp-content\/uploads\/2024\/01\/KI.COP_.06.NO_A-1.jpg","datePublished":"2024-01-04T13:44:41+00:00","dateModified":"2026-04-13T16:50:21+00:00","description":"With Side Mount Competizione, Shifter Handbrake Mount Competizione and Mouse Plate Competizione can be installed from either the left or right side.","breadcrumb":{"@id":"https:\/\/simfactory.it\/en\/prodotto\/side-mount-competizione\/#breadcrumb"},"inLanguage":"en-US","potentialAction":[{"@type":"ReadAction","target":["https:\/\/simfactory.it\/en\/prodotto\/side-mount-competizione\/"]}]},{"@type":"ImageObject","inLanguage":"en-US","@id":"https:\/\/simfactory.it\/en\/prodotto\/side-mount-competizione\/#primaryimage","url":"https:\/\/simfactory.it\/wp-content\/uploads\/2024\/01\/KI.COP_.06.NO_A-1.jpg","contentUrl":"https:\/\/simfactory.it\/wp-content\/uploads\/2024\/01\/KI.COP_.06.NO_A-1.jpg","width":1600,"height":1600,"caption":"With Side Mount Competizione, Shifter Handbrake Mount Competizione and Mouse Plate Competizione can be installed from either the left or right side."},{"@type":"BreadcrumbList","@id":"https:\/\/simfactory.it\/en\/prodotto\/side-mount-competizione\/#breadcrumb","itemListElement":[{"@type":"ListItem","position":1,"name":"Home","item":"https:\/\/simfactory.it\/en\/"},{"@type":"ListItem","position":2,"name":"Sim Factory Shop","item":"https:\/\/simfactory.it\/en\/shop\/"},{"@type":"ListItem","position":3,"name":"Side Mount Competizione"}]},{"@type":"WebSite","@id":"https:\/\/simfactory.it\/en\/#website","url":"https:\/\/simfactory.it\/en\/","name":"Sim Factory","description":"Sim Racing Cockpits","publisher":{"@id":"https:\/\/simfactory.it\/en\/#organization"},"alternateName":"Sim Factory","potentialAction":[{"@type":"SearchAction","target":{"@type":"EntryPoint","urlTemplate":"https:\/\/simfactory.it\/en\/?s={search_term_string}"},"query-input":{"@type":"PropertyValueSpecification","valueRequired":true,"valueName":"search_term_string"}}],"inLanguage":"en-US"},{"@type":"Organization","@id":"https:\/\/simfactory.it\/en\/#organization","name":"Sim Factory S.R.L.","url":"https:\/\/simfactory.it\/en\/","logo":{"@type":"ImageObject","inLanguage":"en-US","@id":"https:\/\/simfactory.it\/en\/#\/schema\/logo\/image\/","url":"https:\/\/simfactory.it\/wp-content\/uploads\/LOGO-SF-SOCIAL.jpg","contentUrl":"https:\/\/simfactory.it\/wp-content\/uploads\/LOGO-SF-SOCIAL.jpg","width":1600,"height":1600,"caption":"Sim Factory S.R.L."},"image":{"@id":"https:\/\/simfactory.it\/en\/#\/schema\/logo\/image\/"},"sameAs":["https:\/\/www.facebook.com\/SimFactory.srl","https:\/\/www.instagram.com\/sim_factory","https:\/\/www.youtube.com\/@Sim_Factory","https:\/\/www.linkedin.com\/company\/sim-factory-s-r-l\/","https:\/\/www.tiktok.com\/@sim.factory"],"description":"Sim Factory ha come unico obiettivo quello di farvi vivere le emozioni, la passione e l\u2019adrenalina del motorsport perch\u00e9 produciamo postazioni di guida per il sim racing. Le nostre postazioni per simulazione di guida sono progettate ricreando la medesima rigidit\u00e0 del telaio di un\u2019auto da corsa, la stessa risposta alle sollecitazioni che solo i piloti conoscono, per ospitare i volanti e i pedali sim racing pi\u00f9 realistici con la massima versatilit\u00e0. Ogni dettaglio \u00e8 definito e curato con passione per offrirvi autentiche emozioni durante la guida virtuale, creando un\u2019esperienza coinvolgente e realistica. Il sim racer \u00e8 totalmente immerso nella guida, ogni nostro simracing cockpit \u00e8 realizzato per riprodurre fedelmente la posizione di guida delle vetture GT, delle Monoposto di F1 o delle auto da Rally e collaboriamo attivamente con piloti professionisti per garantirvi l\u2019autenticit\u00e0 dell\u2019esperienza. Con Sim Factory, entrerete in un mondo di simulazione di guida senza precedenti, ogni sessione di sim racing diventa un\u2019emozione appassionante, avvicinandovi quanto pi\u00f9 possibile alla pista reale e il vostro simulatore di guida diventer\u00e0 presto il vostro posto preferito. Sim Factory, Racing your Passion.","email":"info@simfactory.it","telephone":"+39 3342460429","legalName":"Sim Factory S.R.L.","vatID":"IT12965100014","taxID":"IT12965100014"}]},"product_price_amount":"149.00","product_price_currency":"EUR","og_availability":"instock","product_availability":"instock","product_retailer_item_id":"KI.COP.06.NO","product_condition":"new"},"_links":{"self":[{"href":"https:\/\/simfactory.it\/en\/wp-json\/wp\/v2\/product\/2734","targetHints":{"allow":["GET"]}}],"collection":[{"href":"https:\/\/simfactory.it\/en\/wp-json\/wp\/v2\/product"}],"about":[{"href":"https:\/\/simfactory.it\/en\/wp-json\/wp\/v2\/types\/product"}],"replies":[{"embeddable":true,"href":"https:\/\/simfactory.it\/en\/wp-json\/wp\/v2\/comments?post=2734"}],"version-history":[{"count":3,"href":"https:\/\/simfactory.it\/en\/wp-json\/wp\/v2\/product\/2734\/revisions"}],"predecessor-version":[{"id":5116,"href":"https:\/\/simfactory.it\/en\/wp-json\/wp\/v2\/product\/2734\/revisions\/5116"}],"wp:featuredmedia":[{"embeddable":true,"href":"https:\/\/simfactory.it\/en\/wp-json\/wp\/v2\/media\/1577"}],"wp:attachment":[{"href":"https:\/\/simfactory.it\/en\/wp-json\/wp\/v2\/media?parent=2734"}],"wp:term":[{"taxonomy":"product_brand","embeddable":true,"href":"https:\/\/simfactory.it\/en\/wp-json\/wp\/v2\/product_brand?post=2734"},{"taxonomy":"product_cat","embeddable":true,"href":"https:\/\/simfactory.it\/en\/wp-json\/wp\/v2\/product_cat?post=2734"},{"taxonomy":"product_tag","embeddable":true,"href":"https:\/\/simfactory.it\/en\/wp-json\/wp\/v2\/product_tag?post=2734"}],"curies":[{"name":"wp","href":"https:\/\/api.w.org\/{rel}","templated":true}]}}