{"id":2735,"date":"2024-01-04T14:45:17","date_gmt":"2024-01-04T13:45:17","guid":{"rendered":"https:\/\/simfactory.it\/prodotto\/pedal-plate-competizione\/"},"modified":"2025-12-13T16:00:58","modified_gmt":"2025-12-13T15:00:58","slug":"pedal-plate-competizione","status":"publish","type":"product","link":"https:\/\/simfactory.it\/en\/prodotto\/pedal-plate-competizione\/","title":{"rendered":"Pedal Plate Competizione"},"content":{"rendered":"\t\t<div data-elementor-type=\"product-post\" data-elementor-id=\"2735\" class=\"elementor elementor-2735 elementor-637\" data-elementor-post-type=\"product\">\n\t\t\t\t<div class=\"elementor-element elementor-element-448bfe4 e-con-full e-flex e-con e-parent\" data-id=\"448bfe4\" data-element_type=\"container\" data-e-type=\"container\" data-settings=\"{&quot;background_background&quot;:&quot;classic&quot;}\">\n\t\t\t\t<div class=\"elementor-element elementor-element-e78a389 elementor-headline--style-rotate elementor-widget elementor-widget-animated-headline\" data-id=\"e78a389\" data-element_type=\"widget\" data-e-type=\"widget\" data-settings=\"{&quot;headline_style&quot;:&quot;rotate&quot;,&quot;animation_type&quot;:&quot;swirl&quot;,&quot;rotating_text&quot;:&quot;Simucube\\nFanatec\\nSimagic\\nThrustmaster\\n3Drap\\nLogitech\\nHeusinkveld\\nBJ simracing\\nMeca Sim Hardware\\nConspit\\nAsetek\\nand many others..&quot;,&quot;rotate_iteration_delay&quot;:800,&quot;loop&quot;:&quot;yes&quot;}\" data-widget_type=\"animated-headline.default\">\n\t\t\t\t<div class=\"elementor-widget-container\">\n\t\t\t\t\t\t\t<h3 class=\"elementor-headline elementor-headline-animation-type-swirl elementor-headline-letters\">\n\t\t\t\t\t<span class=\"elementor-headline-plain-text elementor-headline-text-wrapper\">Discover the wide compatibility with all peripherals on the market<br><\/span>\n\t\t\t\t<span class=\"elementor-headline-dynamic-wrapper elementor-headline-text-wrapper\">\n\t\t\t\t\t<span class=\"elementor-headline-dynamic-text elementor-headline-text-active\">\n\t\t\t\tSimucube\t\t\t<\/span>\n\t\t\t\t\t<span class=\"elementor-headline-dynamic-text\">\n\t\t\t\tFanatec\t\t\t<\/span>\n\t\t\t\t\t<span class=\"elementor-headline-dynamic-text\">\n\t\t\t\tSimagic\t\t\t<\/span>\n\t\t\t\t\t<span class=\"elementor-headline-dynamic-text\">\n\t\t\t\tThrustmaster\t\t\t<\/span>\n\t\t\t\t\t<span class=\"elementor-headline-dynamic-text\">\n\t\t\t\t3Drap\t\t\t<\/span>\n\t\t\t\t\t<span class=\"elementor-headline-dynamic-text\">\n\t\t\t\tLogitech\t\t\t<\/span>\n\t\t\t\t\t<span class=\"elementor-headline-dynamic-text\">\n\t\t\t\tHeusinkveld\t\t\t<\/span>\n\t\t\t\t\t<span class=\"elementor-headline-dynamic-text\">\n\t\t\t\tBJ&nbsp;simracing\t\t\t<\/span>\n\t\t\t\t\t<span class=\"elementor-headline-dynamic-text\">\n\t\t\t\tMeca&nbsp;Sim&nbsp;Hardware\t\t\t<\/span>\n\t\t\t\t\t<span class=\"elementor-headline-dynamic-text\">\n\t\t\t\tConspit\t\t\t<\/span>\n\t\t\t\t\t<span class=\"elementor-headline-dynamic-text\">\n\t\t\t\tAsetek\t\t\t<\/span>\n\t\t\t\t\t<span class=\"elementor-headline-dynamic-text\">\n\t\t\t\tand&nbsp;many&nbsp;others..\t\t\t<\/span>\n\t\t\t\t\t\t<\/span>\n\t\t\t\t<\/h3>\n\t\t\t\t\t\t<\/div>\n\t\t\t\t<\/div>\n\t\t<div class=\"elementor-element elementor-element-a425e98 e-con-full e-flex e-con e-child\" data-id=\"a425e98\" data-element_type=\"container\" data-e-type=\"container\">\n\t\t<div class=\"elementor-element elementor-element-eeaa60b e-con-full e-flex e-con e-child\" data-id=\"eeaa60b\" data-element_type=\"container\" data-e-type=\"container\" data-settings=\"{&quot;background_background&quot;:&quot;gradient&quot;}\">\n\t\t\t\t<div class=\"elementor-element elementor-element-bfe011e elementor-invisible elementor-widget elementor-widget-image\" data-id=\"bfe011e\" data-element_type=\"widget\" data-e-type=\"widget\" data-settings=\"{&quot;_animation&quot;:&quot;zoomIn&quot;}\" data-widget_type=\"image.default\">\n\t\t\t\t<div class=\"elementor-widget-container\">\n\t\t\t\t\t\t\t\t\t\t\t\t\t\t\t<img fetchpriority=\"high\" decoding=\"async\" width=\"1600\" height=\"1600\" src=\"https:\/\/simfactory.it\/wp-content\/uploads\/2024\/01\/ING-4.jpg\" class=\"attachment-full size-full wp-image-2208\" alt=\"postazione di guida\" srcset=\"https:\/\/simfactory.it\/wp-content\/uploads\/2024\/01\/ING-4.jpg 1600w, https:\/\/simfactory.it\/wp-content\/uploads\/2024\/01\/ING-4-300x300.jpg 300w, https:\/\/simfactory.it\/wp-content\/uploads\/2024\/01\/ING-4-1024x1024.jpg 1024w, https:\/\/simfactory.it\/wp-content\/uploads\/2024\/01\/ING-4-150x150.jpg 150w, https:\/\/simfactory.it\/wp-content\/uploads\/2024\/01\/ING-4-768x768.jpg 768w, https:\/\/simfactory.it\/wp-content\/uploads\/2024\/01\/ING-4-1536x1536.jpg 1536w, https:\/\/simfactory.it\/wp-content\/uploads\/2024\/01\/ING-4-1000x1000.jpg 1000w, https:\/\/simfactory.it\/wp-content\/uploads\/2024\/01\/ING-4-100x100.jpg 100w, https:\/\/simfactory.it\/wp-content\/uploads\/2024\/01\/ING-4-90x90.jpg 90w\" sizes=\"(max-width: 1600px) 100vw, 1600px\" \/>\t\t\t\t\t\t\t\t\t\t\t\t\t\t\t<\/div>\n\t\t\t\t<\/div>\n\t\t\t\t<\/div>\n\t\t<div class=\"elementor-element elementor-element-5899761 e-con-full e-flex elementor-invisible e-con e-child\" data-id=\"5899761\" data-element_type=\"container\" data-e-type=\"container\" data-settings=\"{&quot;animation&quot;:&quot;fadeIn&quot;,&quot;animation_delay&quot;:300}\">\n\t\t\t\t<div class=\"elementor-element elementor-element-e6ccfc0 elementor-widget elementor-widget-heading\" data-id=\"e6ccfc0\" data-element_type=\"widget\" data-e-type=\"widget\" data-widget_type=\"heading.default\">\n\t\t\t\t<div class=\"elementor-widget-container\">\n\t\t\t\t\t<h2 class=\"elementor-heading-title elementor-size-default\">PEDAL PLATE<\/h2>\t\t\t\t<\/div>\n\t\t\t\t<\/div>\n\t\t\t\t<div class=\"elementor-element elementor-element-461bcdf elementor-widget elementor-widget-text-editor\" data-id=\"461bcdf\" data-element_type=\"widget\" data-e-type=\"widget\" data-widget_type=\"text-editor.default\">\n\t\t\t\t<div class=\"elementor-widget-container\">\n\t\t\t\t\t\t\t\t\t<p><span style=\"color: #808080;\">For pedalboards with attachment via threaded holes in the bottom, we recommend adding our Pedal Plate Competizione compatible Pedal Base Competizione to the configuration.<\/span><\/p>\n\t\t\t\t\t\t\t\t<\/div>\n\t\t\t\t<\/div>\n\t\t\t\t<\/div>\n\t\t\t\t<\/div>\n\t\t<div class=\"elementor-element elementor-element-af2505b e-con-full e-flex e-con e-child\" data-id=\"af2505b\" data-element_type=\"container\" data-e-type=\"container\">\n\t\t<div class=\"elementor-element elementor-element-48c04e6 e-con-full e-flex e-con e-child\" data-id=\"48c04e6\" data-element_type=\"container\" data-e-type=\"container\" data-settings=\"{&quot;background_background&quot;:&quot;gradient&quot;}\">\n\t\t\t\t<div class=\"elementor-element elementor-element-a272308 elementor-invisible elementor-widget elementor-widget-image\" data-id=\"a272308\" data-element_type=\"widget\" data-e-type=\"widget\" data-settings=\"{&quot;_animation&quot;:&quot;zoomIn&quot;}\" data-widget_type=\"image.default\">\n\t\t\t\t<div class=\"elementor-widget-container\">\n\t\t\t\t\t\t\t\t\t\t\t\t\t\t\t<img decoding=\"async\" width=\"1600\" height=\"1600\" src=\"https:\/\/simfactory.it\/wp-content\/uploads\/2024\/01\/ING-3.jpg\" class=\"attachment-full size-full wp-image-2206\" alt=\"simulatore di guida\" srcset=\"https:\/\/simfactory.it\/wp-content\/uploads\/2024\/01\/ING-3.jpg 1600w, https:\/\/simfactory.it\/wp-content\/uploads\/2024\/01\/ING-3-300x300.jpg 300w, https:\/\/simfactory.it\/wp-content\/uploads\/2024\/01\/ING-3-1024x1024.jpg 1024w, https:\/\/simfactory.it\/wp-content\/uploads\/2024\/01\/ING-3-150x150.jpg 150w, https:\/\/simfactory.it\/wp-content\/uploads\/2024\/01\/ING-3-768x768.jpg 768w, https:\/\/simfactory.it\/wp-content\/uploads\/2024\/01\/ING-3-1536x1536.jpg 1536w, https:\/\/simfactory.it\/wp-content\/uploads\/2024\/01\/ING-3-1000x1000.jpg 1000w, https:\/\/simfactory.it\/wp-content\/uploads\/2024\/01\/ING-3-100x100.jpg 100w, https:\/\/simfactory.it\/wp-content\/uploads\/2024\/01\/ING-3-90x90.jpg 90w\" sizes=\"(max-width: 1600px) 100vw, 1600px\" \/>\t\t\t\t\t\t\t\t\t\t\t\t\t\t\t<\/div>\n\t\t\t\t<\/div>\n\t\t\t\t<\/div>\n\t\t<div class=\"elementor-element elementor-element-6c94230 e-con-full e-flex elementor-invisible e-con e-child\" data-id=\"6c94230\" data-element_type=\"container\" data-e-type=\"container\" data-settings=\"{&quot;animation&quot;:&quot;fadeIn&quot;,&quot;animation_delay&quot;:300}\">\n\t\t\t\t<div class=\"elementor-element elementor-element-755f2b7 elementor-widget elementor-widget-heading\" data-id=\"755f2b7\" data-element_type=\"widget\" data-e-type=\"widget\" data-widget_type=\"heading.default\">\n\t\t\t\t<div class=\"elementor-widget-container\">\n\t\t\t\t\t<h2 class=\"elementor-heading-title elementor-size-default\">PEDAL BASE<\/h2>\t\t\t\t<\/div>\n\t\t\t\t<\/div>\n\t\t\t\t<div class=\"elementor-element elementor-element-1032f61 elementor-widget elementor-widget-text-editor\" data-id=\"1032f61\" data-element_type=\"widget\" data-e-type=\"widget\" data-widget_type=\"text-editor.default\">\n\t\t\t\t<div class=\"elementor-widget-container\">\n\t\t\t\t\t\t\t\t\t<p><em><strong><span style=\"color: #808080;\">The Pedal Base Competizione can accommodate all pedal bases on the market, such as:<\/span><\/strong><\/em><\/p>\n<ul>\n<li><span style=\"color: #808080;\">Fanatec,<\/span><\/li>\n<li><span style=\"color: #808080;\">Heusinkveld,<\/span><\/li>\n<li><span style=\"color: #808080;\">Simucube,<\/span><\/li>\n<li><span style=\"color: #808080;\">Simagic,<\/span><\/li>\n<li><span style=\"color: #808080;\">BJ simracing,<\/span><\/li>\n<li><span style=\"color: #808080;\">3drap,<\/span><\/li>\n<li><span style=\"color: #808080;\">Meca sim hardware and many others.. <\/span><\/li>\n<\/ul>\n\t\t\t\t\t\t\t\t<\/div>\n\t\t\t\t<\/div>\n\t\t\t\t<\/div>\n\t\t\t\t<\/div>\n\t\t\t\t<\/div>\n\t\t\t\t<\/div>\n\t\t","protected":false},"excerpt":{"rendered":"<p><strong>Pedal Plate Competizione<\/strong> is fully compatible with the <strong>Pedal Base Competizione<\/strong>.<\/p>\n<p>Made from 10 mm thick aluminum, the <strong>Pedal Plate Competizione <\/strong>\u00a0supports the installation of most sim racing pedal sets available on the market, ensuring wide compatibility and durability.<\/p>\n<p>It also features a 5 mm thick aluminum heel plate that allows precise adjustment of the foot-to-pedal distance, enhancing comfort and control during every racing session.<\/p>\n","protected":false},"featured_media":1591,"comment_status":"open","ping_status":"closed","template":"","meta":[],"product_brand":[],"product_cat":[43],"product_tag":[],"class_list":{"0":"post-2735","1":"product","2":"type-product","3":"status-publish","4":"has-post-thumbnail","6":"product_cat-accessori","8":"first","9":"instock","10":"taxable","11":"shipping-taxable","12":"purchasable","13":"product-type-simple"},"yoast_head":"<!-- This site is optimized with the Yoast SEO Premium plugin v27.3 (Yoast SEO v27.3) - https:\/\/yoast.com\/product\/yoast-seo-premium-wordpress\/ -->\n<title>Pedal Plate Competizione | SimFactory.it<\/title>\n<meta name=\"description\" content=\"Pedal Plate Competizione is compatible with Pedal Base Competizione. Made of aluminum sp.10mm and allows for the installation of most sim racing pedals.\" \/>\n<meta name=\"robots\" content=\"index, follow, max-snippet:-1, max-image-preview:large, max-video-preview:-1\" \/>\n<link rel=\"canonical\" href=\"https:\/\/simfactory.it\/en\/prodotto\/pedal-plate-competizione\/\" \/>\n<meta property=\"og:locale\" content=\"en_US\" \/>\n<meta property=\"og:type\" content=\"article\" \/>\n<meta property=\"og:title\" content=\"Pedal Plate COMPETIZIONE\" \/>\n<meta property=\"og:description\" content=\"Pedal Plate Competizione is compatible with Pedal Base Competizione.The plate is made of aluminum sp.10mm and allows for the installation of most pedals on the market.The aluminum sp.5mm heel rest allows for adjustment of the distance from the foot to the pedal.\" \/>\n<meta property=\"og:url\" content=\"https:\/\/simfactory.it\/en\/prodotto\/pedal-plate-competizione\/\" \/>\n<meta property=\"og:site_name\" content=\"SimFactory.it\" \/>\n<meta property=\"article:publisher\" content=\"https:\/\/www.facebook.com\/SimFactory.srl\" \/>\n<meta property=\"article:modified_time\" content=\"2025-12-13T15:00:58+00:00\" \/>\n<meta property=\"og:image\" content=\"https:\/\/simfactory.it\/wp-content\/uploads\/2024\/01\/KI.COP_.07.NO_C-1.jpg\" \/>\n\t<meta property=\"og:image:width\" content=\"1600\" \/>\n\t<meta property=\"og:image:height\" content=\"1600\" \/>\n\t<meta property=\"og:image:type\" content=\"image\/jpeg\" \/>\n<meta name=\"twitter:card\" content=\"summary_large_image\" \/>\n<meta name=\"twitter:title\" content=\"Pedal Plate Competizione\" \/>\n<meta name=\"twitter:label1\" content=\"Price\" \/>\n\t<meta name=\"twitter:data1\" content=\"179,00&nbsp;&euro; Iva. Incl.\" \/>\n\t<meta name=\"twitter:label2\" content=\"Availability\" \/>\n\t<meta name=\"twitter:data2\" content=\"In stock\" \/>\n<script type=\"application\/ld+json\" class=\"yoast-schema-graph\">{\"@context\":\"https:\\\/\\\/schema.org\",\"@graph\":[{\"@type\":\"WebPage\",\"@id\":\"https:\\\/\\\/simfactory.it\\\/en\\\/prodotto\\\/pedal-plate-competizione\\\/\",\"url\":\"https:\\\/\\\/simfactory.it\\\/en\\\/prodotto\\\/pedal-plate-competizione\\\/\",\"name\":\"Pedal Plate Competizione | SimFactory.it\",\"isPartOf\":{\"@id\":\"https:\\\/\\\/simfactory.it\\\/en\\\/#website\"},\"primaryImageOfPage\":{\"@id\":\"https:\\\/\\\/simfactory.it\\\/en\\\/prodotto\\\/pedal-plate-competizione\\\/#primaryimage\"},\"image\":{\"@id\":\"https:\\\/\\\/simfactory.it\\\/en\\\/prodotto\\\/pedal-plate-competizione\\\/#primaryimage\"},\"thumbnailUrl\":\"https:\\\/\\\/simfactory.it\\\/wp-content\\\/uploads\\\/2024\\\/01\\\/KI.COP_.07.NO_C-1.jpg\",\"datePublished\":\"2024-01-04T13:45:17+00:00\",\"dateModified\":\"2025-12-13T15:00:58+00:00\",\"description\":\"Pedal Plate Competizione is compatible with Pedal Base Competizione. Made of aluminum sp.10mm and allows for the installation of most sim racing pedals.\",\"breadcrumb\":{\"@id\":\"https:\\\/\\\/simfactory.it\\\/en\\\/prodotto\\\/pedal-plate-competizione\\\/#breadcrumb\"},\"inLanguage\":\"en-US\",\"potentialAction\":[{\"@type\":\"ReadAction\",\"target\":[\"https:\\\/\\\/simfactory.it\\\/en\\\/prodotto\\\/pedal-plate-competizione\\\/\"]}]},{\"@type\":\"ImageObject\",\"inLanguage\":\"en-US\",\"@id\":\"https:\\\/\\\/simfactory.it\\\/en\\\/prodotto\\\/pedal-plate-competizione\\\/#primaryimage\",\"url\":\"https:\\\/\\\/simfactory.it\\\/wp-content\\\/uploads\\\/2024\\\/01\\\/KI.COP_.07.NO_C-1.jpg\",\"contentUrl\":\"https:\\\/\\\/simfactory.it\\\/wp-content\\\/uploads\\\/2024\\\/01\\\/KI.COP_.07.NO_C-1.jpg\",\"width\":1600,\"height\":1600,\"caption\":\"Pedal Plate Competizione is compatible with Pedal Base Competizione. Made of aluminum sp.10mm and allows for the installation of most sim racing pedals\"},{\"@type\":\"BreadcrumbList\",\"@id\":\"https:\\\/\\\/simfactory.it\\\/en\\\/prodotto\\\/pedal-plate-competizione\\\/#breadcrumb\",\"itemListElement\":[{\"@type\":\"ListItem\",\"position\":1,\"name\":\"Home\",\"item\":\"https:\\\/\\\/simfactory.it\\\/en\\\/\"},{\"@type\":\"ListItem\",\"position\":2,\"name\":\"Sim Factory Shop\",\"item\":\"https:\\\/\\\/simfactory.it\\\/en\\\/shop\\\/\"},{\"@type\":\"ListItem\",\"position\":3,\"name\":\"Pedal Plate Competizione\"}]},{\"@type\":\"WebSite\",\"@id\":\"https:\\\/\\\/simfactory.it\\\/en\\\/#website\",\"url\":\"https:\\\/\\\/simfactory.it\\\/en\\\/\",\"name\":\"Sim Factory\",\"description\":\"Sim Racing Cockpits\",\"publisher\":{\"@id\":\"https:\\\/\\\/simfactory.it\\\/en\\\/#organization\"},\"alternateName\":\"Sim Factory\",\"potentialAction\":[{\"@type\":\"SearchAction\",\"target\":{\"@type\":\"EntryPoint\",\"urlTemplate\":\"https:\\\/\\\/simfactory.it\\\/en\\\/?s={search_term_string}\"},\"query-input\":{\"@type\":\"PropertyValueSpecification\",\"valueRequired\":true,\"valueName\":\"search_term_string\"}}],\"inLanguage\":\"en-US\"},{\"@type\":\"Organization\",\"@id\":\"https:\\\/\\\/simfactory.it\\\/en\\\/#organization\",\"name\":\"Sim Factory S.R.L.\",\"url\":\"https:\\\/\\\/simfactory.it\\\/en\\\/\",\"logo\":{\"@type\":\"ImageObject\",\"inLanguage\":\"en-US\",\"@id\":\"https:\\\/\\\/simfactory.it\\\/en\\\/#\\\/schema\\\/logo\\\/image\\\/\",\"url\":\"https:\\\/\\\/simfactory.it\\\/wp-content\\\/uploads\\\/LOGO-SF-SOCIAL.jpg\",\"contentUrl\":\"https:\\\/\\\/simfactory.it\\\/wp-content\\\/uploads\\\/LOGO-SF-SOCIAL.jpg\",\"width\":1600,\"height\":1600,\"caption\":\"Sim Factory S.R.L.\"},\"image\":{\"@id\":\"https:\\\/\\\/simfactory.it\\\/en\\\/#\\\/schema\\\/logo\\\/image\\\/\"},\"sameAs\":[\"https:\\\/\\\/www.facebook.com\\\/SimFactory.srl\",\"https:\\\/\\\/www.instagram.com\\\/sim_factory\",\"https:\\\/\\\/www.youtube.com\\\/@Sim_Factory\",\"https:\\\/\\\/www.linkedin.com\\\/company\\\/sim-factory-s-r-l\\\/\",\"https:\\\/\\\/www.tiktok.com\\\/@sim.factory\"],\"description\":\"Sim Factory ha come unico obiettivo quello di farvi vivere le emozioni, la passione e l\u2019adrenalina del motorsport perch\u00e9 produciamo postazioni di guida per il sim racing. Le nostre postazioni per simulazione di guida sono progettate ricreando la medesima rigidit\u00e0 del telaio di un\u2019auto da corsa, la stessa risposta alle sollecitazioni che solo i piloti conoscono, per ospitare i volanti e i pedali sim racing pi\u00f9 realistici con la massima versatilit\u00e0. Ogni dettaglio \u00e8 definito e curato con passione per offrirvi autentiche emozioni durante la guida virtuale, creando un\u2019esperienza coinvolgente e realistica. Il sim racer \u00e8 totalmente immerso nella guida, ogni nostro simracing cockpit \u00e8 realizzato per riprodurre fedelmente la posizione di guida delle vetture GT, delle Monoposto di F1 o delle auto da Rally e collaboriamo attivamente con piloti professionisti per garantirvi l\u2019autenticit\u00e0 dell\u2019esperienza. Con Sim Factory, entrerete in un mondo di simulazione di guida senza precedenti, ogni sessione di sim racing diventa un\u2019emozione appassionante, avvicinandovi quanto pi\u00f9 possibile alla pista reale e il vostro simulatore di guida diventer\u00e0 presto il vostro posto preferito. Sim Factory, Racing your Passion.\",\"email\":\"info@simfactory.it\",\"telephone\":\"+39 3342460429\",\"legalName\":\"Sim Factory S.R.L.\",\"vatID\":\"IT12965100014\",\"taxID\":\"IT12965100014\"}]}<\/script>\n<meta property=\"product:price:amount\" content=\"179.00\" \/>\n<meta property=\"product:price:currency\" content=\"EUR\" \/>\n<meta property=\"og:availability\" content=\"instock\" \/>\n<meta property=\"product:availability\" content=\"instock\" \/>\n<meta property=\"product:retailer_item_id\" content=\"KI.COP.07.NO\" \/>\n<meta property=\"product:condition\" content=\"new\" \/>\n<!-- \/ Yoast SEO Premium plugin. -->","yoast_head_json":{"title":"Pedal Plate Competizione | SimFactory.it","description":"Pedal Plate Competizione is compatible with Pedal Base Competizione. Made of aluminum sp.10mm and allows for the installation of most sim racing pedals.","robots":{"index":"index","follow":"follow","max-snippet":"max-snippet:-1","max-image-preview":"max-image-preview:large","max-video-preview":"max-video-preview:-1"},"canonical":"https:\/\/simfactory.it\/en\/prodotto\/pedal-plate-competizione\/","og_locale":"en_US","og_type":"article","og_title":"Pedal Plate COMPETIZIONE","og_description":"Pedal Plate Competizione is compatible with Pedal Base Competizione.The plate is made of aluminum sp.10mm and allows for the installation of most pedals on the market.The aluminum sp.5mm heel rest allows for adjustment of the distance from the foot to the pedal.","og_url":"https:\/\/simfactory.it\/en\/prodotto\/pedal-plate-competizione\/","og_site_name":"SimFactory.it","article_publisher":"https:\/\/www.facebook.com\/SimFactory.srl","article_modified_time":"2025-12-13T15:00:58+00:00","og_image":[{"width":1600,"height":1600,"url":"https:\/\/simfactory.it\/wp-content\/uploads\/2024\/01\/KI.COP_.07.NO_C-1.jpg","type":"image\/jpeg"}],"twitter_card":"summary_large_image","twitter_title":"Pedal Plate Competizione","twitter_misc":{"Price":"179,00&nbsp;&euro; Iva. Incl.","Availability":"In stock"},"schema":{"@context":"https:\/\/schema.org","@graph":[{"@type":"WebPage","@id":"https:\/\/simfactory.it\/en\/prodotto\/pedal-plate-competizione\/","url":"https:\/\/simfactory.it\/en\/prodotto\/pedal-plate-competizione\/","name":"Pedal Plate Competizione | SimFactory.it","isPartOf":{"@id":"https:\/\/simfactory.it\/en\/#website"},"primaryImageOfPage":{"@id":"https:\/\/simfactory.it\/en\/prodotto\/pedal-plate-competizione\/#primaryimage"},"image":{"@id":"https:\/\/simfactory.it\/en\/prodotto\/pedal-plate-competizione\/#primaryimage"},"thumbnailUrl":"https:\/\/simfactory.it\/wp-content\/uploads\/2024\/01\/KI.COP_.07.NO_C-1.jpg","datePublished":"2024-01-04T13:45:17+00:00","dateModified":"2025-12-13T15:00:58+00:00","description":"Pedal Plate Competizione is compatible with Pedal Base Competizione. Made of aluminum sp.10mm and allows for the installation of most sim racing pedals.","breadcrumb":{"@id":"https:\/\/simfactory.it\/en\/prodotto\/pedal-plate-competizione\/#breadcrumb"},"inLanguage":"en-US","potentialAction":[{"@type":"ReadAction","target":["https:\/\/simfactory.it\/en\/prodotto\/pedal-plate-competizione\/"]}]},{"@type":"ImageObject","inLanguage":"en-US","@id":"https:\/\/simfactory.it\/en\/prodotto\/pedal-plate-competizione\/#primaryimage","url":"https:\/\/simfactory.it\/wp-content\/uploads\/2024\/01\/KI.COP_.07.NO_C-1.jpg","contentUrl":"https:\/\/simfactory.it\/wp-content\/uploads\/2024\/01\/KI.COP_.07.NO_C-1.jpg","width":1600,"height":1600,"caption":"Pedal Plate Competizione is compatible with Pedal Base Competizione. Made of aluminum sp.10mm and allows for the installation of most sim racing pedals"},{"@type":"BreadcrumbList","@id":"https:\/\/simfactory.it\/en\/prodotto\/pedal-plate-competizione\/#breadcrumb","itemListElement":[{"@type":"ListItem","position":1,"name":"Home","item":"https:\/\/simfactory.it\/en\/"},{"@type":"ListItem","position":2,"name":"Sim Factory Shop","item":"https:\/\/simfactory.it\/en\/shop\/"},{"@type":"ListItem","position":3,"name":"Pedal Plate Competizione"}]},{"@type":"WebSite","@id":"https:\/\/simfactory.it\/en\/#website","url":"https:\/\/simfactory.it\/en\/","name":"Sim Factory","description":"Sim Racing Cockpits","publisher":{"@id":"https:\/\/simfactory.it\/en\/#organization"},"alternateName":"Sim Factory","potentialAction":[{"@type":"SearchAction","target":{"@type":"EntryPoint","urlTemplate":"https:\/\/simfactory.it\/en\/?s={search_term_string}"},"query-input":{"@type":"PropertyValueSpecification","valueRequired":true,"valueName":"search_term_string"}}],"inLanguage":"en-US"},{"@type":"Organization","@id":"https:\/\/simfactory.it\/en\/#organization","name":"Sim Factory S.R.L.","url":"https:\/\/simfactory.it\/en\/","logo":{"@type":"ImageObject","inLanguage":"en-US","@id":"https:\/\/simfactory.it\/en\/#\/schema\/logo\/image\/","url":"https:\/\/simfactory.it\/wp-content\/uploads\/LOGO-SF-SOCIAL.jpg","contentUrl":"https:\/\/simfactory.it\/wp-content\/uploads\/LOGO-SF-SOCIAL.jpg","width":1600,"height":1600,"caption":"Sim Factory S.R.L."},"image":{"@id":"https:\/\/simfactory.it\/en\/#\/schema\/logo\/image\/"},"sameAs":["https:\/\/www.facebook.com\/SimFactory.srl","https:\/\/www.instagram.com\/sim_factory","https:\/\/www.youtube.com\/@Sim_Factory","https:\/\/www.linkedin.com\/company\/sim-factory-s-r-l\/","https:\/\/www.tiktok.com\/@sim.factory"],"description":"Sim Factory ha come unico obiettivo quello di farvi vivere le emozioni, la passione e l\u2019adrenalina del motorsport perch\u00e9 produciamo postazioni di guida per il sim racing. Le nostre postazioni per simulazione di guida sono progettate ricreando la medesima rigidit\u00e0 del telaio di un\u2019auto da corsa, la stessa risposta alle sollecitazioni che solo i piloti conoscono, per ospitare i volanti e i pedali sim racing pi\u00f9 realistici con la massima versatilit\u00e0. Ogni dettaglio \u00e8 definito e curato con passione per offrirvi autentiche emozioni durante la guida virtuale, creando un\u2019esperienza coinvolgente e realistica. Il sim racer \u00e8 totalmente immerso nella guida, ogni nostro simracing cockpit \u00e8 realizzato per riprodurre fedelmente la posizione di guida delle vetture GT, delle Monoposto di F1 o delle auto da Rally e collaboriamo attivamente con piloti professionisti per garantirvi l\u2019autenticit\u00e0 dell\u2019esperienza. Con Sim Factory, entrerete in un mondo di simulazione di guida senza precedenti, ogni sessione di sim racing diventa un\u2019emozione appassionante, avvicinandovi quanto pi\u00f9 possibile alla pista reale e il vostro simulatore di guida diventer\u00e0 presto il vostro posto preferito. Sim Factory, Racing your Passion.","email":"info@simfactory.it","telephone":"+39 3342460429","legalName":"Sim Factory S.R.L.","vatID":"IT12965100014","taxID":"IT12965100014"}]},"product_price_amount":"179.00","product_price_currency":"EUR","og_availability":"instock","product_availability":"instock","product_retailer_item_id":"KI.COP.07.NO","product_condition":"new"},"_links":{"self":[{"href":"https:\/\/simfactory.it\/en\/wp-json\/wp\/v2\/product\/2735","targetHints":{"allow":["GET"]}}],"collection":[{"href":"https:\/\/simfactory.it\/en\/wp-json\/wp\/v2\/product"}],"about":[{"href":"https:\/\/simfactory.it\/en\/wp-json\/wp\/v2\/types\/product"}],"replies":[{"embeddable":true,"href":"https:\/\/simfactory.it\/en\/wp-json\/wp\/v2\/comments?post=2735"}],"version-history":[{"count":9,"href":"https:\/\/simfactory.it\/en\/wp-json\/wp\/v2\/product\/2735\/revisions"}],"predecessor-version":[{"id":5119,"href":"https:\/\/simfactory.it\/en\/wp-json\/wp\/v2\/product\/2735\/revisions\/5119"}],"wp:featuredmedia":[{"embeddable":true,"href":"https:\/\/simfactory.it\/en\/wp-json\/wp\/v2\/media\/1591"}],"wp:attachment":[{"href":"https:\/\/simfactory.it\/en\/wp-json\/wp\/v2\/media?parent=2735"}],"wp:term":[{"taxonomy":"product_brand","embeddable":true,"href":"https:\/\/simfactory.it\/en\/wp-json\/wp\/v2\/product_brand?post=2735"},{"taxonomy":"product_cat","embeddable":true,"href":"https:\/\/simfactory.it\/en\/wp-json\/wp\/v2\/product_cat?post=2735"},{"taxonomy":"product_tag","embeddable":true,"href":"https:\/\/simfactory.it\/en\/wp-json\/wp\/v2\/product_tag?post=2735"}],"curies":[{"name":"wp","href":"https:\/\/api.w.org\/{rel}","templated":true}]}}