{"id":2737,"date":"2024-01-04T14:45:59","date_gmt":"2024-01-04T13:45:59","guid":{"rendered":"https:\/\/simfactory.it\/prodotto\/mouse-plate-competizione\/"},"modified":"2025-05-21T15:56:34","modified_gmt":"2025-05-21T13:56:34","slug":"mouse-plate-competizione","status":"publish","type":"product","link":"https:\/\/simfactory.it\/en\/prodotto\/mouse-plate-competizione\/","title":{"rendered":"Mouse Plate Competizione"},"content":{"rendered":"","protected":false},"excerpt":{"rendered":"<p><strong>Mouse Plate Competizione<\/strong> is the perfect accessory for sim racers who want to integrate a mouse into their racing setup in a clean and functional way. It is compatible with the Competizione cockpit structure and requires the <strong>Side Mount Competizione<\/strong> for installation, allowing mounting on either the left or right side.<\/p>\n<p>Built with durable materials, the <strong>Mouse Plate Competizione<\/strong> is designed for stability even during intense racing sessions. Its surface is optimized for extended mouse use, providing comfort and precision. The plate also includes the Sim Factory mouse pad, made with anti-slip material to ensure total control at all times.<\/p>\n<p>With the Mouse Plate, managing telemetry, setup adjustments, software, and navigation becomes easier\u2014without compromising on ergonomics. It&#8217;s the ideal solution for demanding sim racers who want a complete, organized, and high-performance sim racing cockpit.<\/p>\n","protected":false},"featured_media":1601,"comment_status":"open","ping_status":"closed","template":"","meta":[],"product_brand":[],"product_cat":[46],"product_tag":[],"class_list":{"0":"post-2737","1":"product","2":"type-product","3":"status-publish","4":"has-post-thumbnail","6":"product_cat-accessories","8":"first","9":"instock","10":"taxable","11":"shipping-taxable","12":"purchasable","13":"product-type-simple"},"yoast_head":"<!-- This site is optimized with the Yoast SEO Premium plugin v27.3 (Yoast SEO v27.3) - https:\/\/yoast.com\/product\/yoast-seo-premium-wordpress\/ -->\n<title>Mouse Plate Competizione | SimFactory.it<\/title>\n<meta name=\"description\" content=\"Mouse Plate Competizione needs the Competizione Side Mount to be installed from either the left or right side. Includes Sim Factory anti-slip mouse pad.\" \/>\n<meta name=\"robots\" content=\"index, follow, max-snippet:-1, max-image-preview:large, max-video-preview:-1\" \/>\n<link rel=\"canonical\" href=\"https:\/\/simfactory.it\/en\/prodotto\/mouse-plate-competizione\/\" \/>\n<meta property=\"og:locale\" content=\"en_US\" \/>\n<meta property=\"og:type\" content=\"article\" \/>\n<meta property=\"og:title\" content=\"Mouse Plate COMPETIZIONE\" \/>\n<meta property=\"og:description\" content=\"Mouse Plate Competizione needs the Competizione Side Mount to be installed from either the left or right side. Includes Sim Factory anti-slip mouse pad.\" \/>\n<meta property=\"og:url\" content=\"https:\/\/simfactory.it\/en\/prodotto\/mouse-plate-competizione\/\" \/>\n<meta property=\"og:site_name\" content=\"SimFactory.it\" \/>\n<meta property=\"article:publisher\" content=\"https:\/\/www.facebook.com\/SimFactory.srl\" \/>\n<meta property=\"article:modified_time\" content=\"2025-05-21T13:56:34+00:00\" \/>\n<meta property=\"og:image\" content=\"https:\/\/simfactory.it\/wp-content\/uploads\/2024\/01\/KI.UMO_.01.N_C-1.jpg\" \/>\n\t<meta property=\"og:image:width\" content=\"1600\" \/>\n\t<meta property=\"og:image:height\" content=\"1600\" \/>\n\t<meta property=\"og:image:type\" content=\"image\/jpeg\" \/>\n<meta name=\"twitter:card\" content=\"summary_large_image\" \/>\n<meta name=\"twitter:title\" content=\"Mouse Plate Competizione\" \/>\n<meta name=\"twitter:label1\" content=\"Price\" \/>\n\t<meta name=\"twitter:data1\" content=\"47,00&nbsp;&euro; Iva. Incl.\" \/>\n\t<meta name=\"twitter:label2\" content=\"Availability\" \/>\n\t<meta name=\"twitter:data2\" content=\"In stock\" \/>\n<script type=\"application\/ld+json\" class=\"yoast-schema-graph\">{\"@context\":\"https:\\\/\\\/schema.org\",\"@graph\":[{\"@type\":\"WebPage\",\"@id\":\"https:\\\/\\\/simfactory.it\\\/en\\\/prodotto\\\/mouse-plate-competizione\\\/\",\"url\":\"https:\\\/\\\/simfactory.it\\\/en\\\/prodotto\\\/mouse-plate-competizione\\\/\",\"name\":\"Mouse Plate Competizione | SimFactory.it\",\"isPartOf\":{\"@id\":\"https:\\\/\\\/simfactory.it\\\/en\\\/#website\"},\"primaryImageOfPage\":{\"@id\":\"https:\\\/\\\/simfactory.it\\\/en\\\/prodotto\\\/mouse-plate-competizione\\\/#primaryimage\"},\"image\":{\"@id\":\"https:\\\/\\\/simfactory.it\\\/en\\\/prodotto\\\/mouse-plate-competizione\\\/#primaryimage\"},\"thumbnailUrl\":\"https:\\\/\\\/simfactory.it\\\/wp-content\\\/uploads\\\/2024\\\/01\\\/KI.UMO_.01.N_C-1.jpg\",\"datePublished\":\"2024-01-04T13:45:59+00:00\",\"dateModified\":\"2025-05-21T13:56:34+00:00\",\"description\":\"Mouse Plate Competizione needs the Competizione Side Mount to be installed from either the left or right side. Includes Sim Factory anti-slip mouse pad.\",\"breadcrumb\":{\"@id\":\"https:\\\/\\\/simfactory.it\\\/en\\\/prodotto\\\/mouse-plate-competizione\\\/#breadcrumb\"},\"inLanguage\":\"en-US\",\"potentialAction\":[{\"@type\":\"ReadAction\",\"target\":[\"https:\\\/\\\/simfactory.it\\\/en\\\/prodotto\\\/mouse-plate-competizione\\\/\"]}]},{\"@type\":\"ImageObject\",\"inLanguage\":\"en-US\",\"@id\":\"https:\\\/\\\/simfactory.it\\\/en\\\/prodotto\\\/mouse-plate-competizione\\\/#primaryimage\",\"url\":\"https:\\\/\\\/simfactory.it\\\/wp-content\\\/uploads\\\/2024\\\/01\\\/KI.UMO_.01.N_C-1.jpg\",\"contentUrl\":\"https:\\\/\\\/simfactory.it\\\/wp-content\\\/uploads\\\/2024\\\/01\\\/KI.UMO_.01.N_C-1.jpg\",\"width\":1600,\"height\":1600,\"caption\":\"Mouse Plate Competizione needs the Competizione Side Mount to be installed from either the left or right side. Includes Sim Factory anti-slip mouse pad.\"},{\"@type\":\"BreadcrumbList\",\"@id\":\"https:\\\/\\\/simfactory.it\\\/en\\\/prodotto\\\/mouse-plate-competizione\\\/#breadcrumb\",\"itemListElement\":[{\"@type\":\"ListItem\",\"position\":1,\"name\":\"Home\",\"item\":\"https:\\\/\\\/simfactory.it\\\/en\\\/\"},{\"@type\":\"ListItem\",\"position\":2,\"name\":\"Sim Factory Shop\",\"item\":\"https:\\\/\\\/simfactory.it\\\/en\\\/shop\\\/\"},{\"@type\":\"ListItem\",\"position\":3,\"name\":\"Mouse Plate Competizione\"}]},{\"@type\":\"WebSite\",\"@id\":\"https:\\\/\\\/simfactory.it\\\/en\\\/#website\",\"url\":\"https:\\\/\\\/simfactory.it\\\/en\\\/\",\"name\":\"Sim Factory\",\"description\":\"Sim Racing Cockpits\",\"publisher\":{\"@id\":\"https:\\\/\\\/simfactory.it\\\/en\\\/#organization\"},\"alternateName\":\"Sim Factory\",\"potentialAction\":[{\"@type\":\"SearchAction\",\"target\":{\"@type\":\"EntryPoint\",\"urlTemplate\":\"https:\\\/\\\/simfactory.it\\\/en\\\/?s={search_term_string}\"},\"query-input\":{\"@type\":\"PropertyValueSpecification\",\"valueRequired\":true,\"valueName\":\"search_term_string\"}}],\"inLanguage\":\"en-US\"},{\"@type\":\"Organization\",\"@id\":\"https:\\\/\\\/simfactory.it\\\/en\\\/#organization\",\"name\":\"Sim Factory S.R.L.\",\"url\":\"https:\\\/\\\/simfactory.it\\\/en\\\/\",\"logo\":{\"@type\":\"ImageObject\",\"inLanguage\":\"en-US\",\"@id\":\"https:\\\/\\\/simfactory.it\\\/en\\\/#\\\/schema\\\/logo\\\/image\\\/\",\"url\":\"https:\\\/\\\/simfactory.it\\\/wp-content\\\/uploads\\\/LOGO-SF-SOCIAL.jpg\",\"contentUrl\":\"https:\\\/\\\/simfactory.it\\\/wp-content\\\/uploads\\\/LOGO-SF-SOCIAL.jpg\",\"width\":1600,\"height\":1600,\"caption\":\"Sim Factory S.R.L.\"},\"image\":{\"@id\":\"https:\\\/\\\/simfactory.it\\\/en\\\/#\\\/schema\\\/logo\\\/image\\\/\"},\"sameAs\":[\"https:\\\/\\\/www.facebook.com\\\/SimFactory.srl\",\"https:\\\/\\\/www.instagram.com\\\/sim_factory\",\"https:\\\/\\\/www.youtube.com\\\/@Sim_Factory\",\"https:\\\/\\\/www.linkedin.com\\\/company\\\/sim-factory-s-r-l\\\/\",\"https:\\\/\\\/www.tiktok.com\\\/@sim.factory\"],\"description\":\"Sim Factory ha come unico obiettivo quello di farvi vivere le emozioni, la passione e l\u2019adrenalina del motorsport perch\u00e9 produciamo postazioni di guida per il sim racing. Le nostre postazioni per simulazione di guida sono progettate ricreando la medesima rigidit\u00e0 del telaio di un\u2019auto da corsa, la stessa risposta alle sollecitazioni che solo i piloti conoscono, per ospitare i volanti e i pedali sim racing pi\u00f9 realistici con la massima versatilit\u00e0. Ogni dettaglio \u00e8 definito e curato con passione per offrirvi autentiche emozioni durante la guida virtuale, creando un\u2019esperienza coinvolgente e realistica. Il sim racer \u00e8 totalmente immerso nella guida, ogni nostro simracing cockpit \u00e8 realizzato per riprodurre fedelmente la posizione di guida delle vetture GT, delle Monoposto di F1 o delle auto da Rally e collaboriamo attivamente con piloti professionisti per garantirvi l\u2019autenticit\u00e0 dell\u2019esperienza. Con Sim Factory, entrerete in un mondo di simulazione di guida senza precedenti, ogni sessione di sim racing diventa un\u2019emozione appassionante, avvicinandovi quanto pi\u00f9 possibile alla pista reale e il vostro simulatore di guida diventer\u00e0 presto il vostro posto preferito. Sim Factory, Racing your Passion.\",\"email\":\"info@simfactory.it\",\"telephone\":\"+39 3342460429\",\"legalName\":\"Sim Factory S.R.L.\",\"vatID\":\"IT12965100014\",\"taxID\":\"IT12965100014\"}]}<\/script>\n<meta property=\"product:price:amount\" content=\"47.00\" \/>\n<meta property=\"product:price:currency\" content=\"EUR\" \/>\n<meta property=\"og:availability\" content=\"instock\" \/>\n<meta property=\"product:availability\" content=\"instock\" \/>\n<meta property=\"product:retailer_item_id\" content=\"KI.UMO.01.N\" \/>\n<meta property=\"product:condition\" content=\"new\" \/>\n<!-- \/ Yoast SEO Premium plugin. -->","yoast_head_json":{"title":"Mouse Plate Competizione | SimFactory.it","description":"Mouse Plate Competizione needs the Competizione Side Mount to be installed from either the left or right side. Includes Sim Factory anti-slip mouse pad.","robots":{"index":"index","follow":"follow","max-snippet":"max-snippet:-1","max-image-preview":"max-image-preview:large","max-video-preview":"max-video-preview:-1"},"canonical":"https:\/\/simfactory.it\/en\/prodotto\/mouse-plate-competizione\/","og_locale":"en_US","og_type":"article","og_title":"Mouse Plate COMPETIZIONE","og_description":"Mouse Plate Competizione needs the Competizione Side Mount to be installed from either the left or right side. Includes Sim Factory anti-slip mouse pad.","og_url":"https:\/\/simfactory.it\/en\/prodotto\/mouse-plate-competizione\/","og_site_name":"SimFactory.it","article_publisher":"https:\/\/www.facebook.com\/SimFactory.srl","article_modified_time":"2025-05-21T13:56:34+00:00","og_image":[{"width":1600,"height":1600,"url":"https:\/\/simfactory.it\/wp-content\/uploads\/2024\/01\/KI.UMO_.01.N_C-1.jpg","type":"image\/jpeg"}],"twitter_card":"summary_large_image","twitter_title":"Mouse Plate Competizione","twitter_misc":{"Price":"47,00&nbsp;&euro; Iva. Incl.","Availability":"In stock"},"schema":{"@context":"https:\/\/schema.org","@graph":[{"@type":"WebPage","@id":"https:\/\/simfactory.it\/en\/prodotto\/mouse-plate-competizione\/","url":"https:\/\/simfactory.it\/en\/prodotto\/mouse-plate-competizione\/","name":"Mouse Plate Competizione | SimFactory.it","isPartOf":{"@id":"https:\/\/simfactory.it\/en\/#website"},"primaryImageOfPage":{"@id":"https:\/\/simfactory.it\/en\/prodotto\/mouse-plate-competizione\/#primaryimage"},"image":{"@id":"https:\/\/simfactory.it\/en\/prodotto\/mouse-plate-competizione\/#primaryimage"},"thumbnailUrl":"https:\/\/simfactory.it\/wp-content\/uploads\/2024\/01\/KI.UMO_.01.N_C-1.jpg","datePublished":"2024-01-04T13:45:59+00:00","dateModified":"2025-05-21T13:56:34+00:00","description":"Mouse Plate Competizione needs the Competizione Side Mount to be installed from either the left or right side. Includes Sim Factory anti-slip mouse pad.","breadcrumb":{"@id":"https:\/\/simfactory.it\/en\/prodotto\/mouse-plate-competizione\/#breadcrumb"},"inLanguage":"en-US","potentialAction":[{"@type":"ReadAction","target":["https:\/\/simfactory.it\/en\/prodotto\/mouse-plate-competizione\/"]}]},{"@type":"ImageObject","inLanguage":"en-US","@id":"https:\/\/simfactory.it\/en\/prodotto\/mouse-plate-competizione\/#primaryimage","url":"https:\/\/simfactory.it\/wp-content\/uploads\/2024\/01\/KI.UMO_.01.N_C-1.jpg","contentUrl":"https:\/\/simfactory.it\/wp-content\/uploads\/2024\/01\/KI.UMO_.01.N_C-1.jpg","width":1600,"height":1600,"caption":"Mouse Plate Competizione needs the Competizione Side Mount to be installed from either the left or right side. Includes Sim Factory anti-slip mouse pad."},{"@type":"BreadcrumbList","@id":"https:\/\/simfactory.it\/en\/prodotto\/mouse-plate-competizione\/#breadcrumb","itemListElement":[{"@type":"ListItem","position":1,"name":"Home","item":"https:\/\/simfactory.it\/en\/"},{"@type":"ListItem","position":2,"name":"Sim Factory Shop","item":"https:\/\/simfactory.it\/en\/shop\/"},{"@type":"ListItem","position":3,"name":"Mouse Plate Competizione"}]},{"@type":"WebSite","@id":"https:\/\/simfactory.it\/en\/#website","url":"https:\/\/simfactory.it\/en\/","name":"Sim Factory","description":"Sim Racing Cockpits","publisher":{"@id":"https:\/\/simfactory.it\/en\/#organization"},"alternateName":"Sim Factory","potentialAction":[{"@type":"SearchAction","target":{"@type":"EntryPoint","urlTemplate":"https:\/\/simfactory.it\/en\/?s={search_term_string}"},"query-input":{"@type":"PropertyValueSpecification","valueRequired":true,"valueName":"search_term_string"}}],"inLanguage":"en-US"},{"@type":"Organization","@id":"https:\/\/simfactory.it\/en\/#organization","name":"Sim Factory S.R.L.","url":"https:\/\/simfactory.it\/en\/","logo":{"@type":"ImageObject","inLanguage":"en-US","@id":"https:\/\/simfactory.it\/en\/#\/schema\/logo\/image\/","url":"https:\/\/simfactory.it\/wp-content\/uploads\/LOGO-SF-SOCIAL.jpg","contentUrl":"https:\/\/simfactory.it\/wp-content\/uploads\/LOGO-SF-SOCIAL.jpg","width":1600,"height":1600,"caption":"Sim Factory S.R.L."},"image":{"@id":"https:\/\/simfactory.it\/en\/#\/schema\/logo\/image\/"},"sameAs":["https:\/\/www.facebook.com\/SimFactory.srl","https:\/\/www.instagram.com\/sim_factory","https:\/\/www.youtube.com\/@Sim_Factory","https:\/\/www.linkedin.com\/company\/sim-factory-s-r-l\/","https:\/\/www.tiktok.com\/@sim.factory"],"description":"Sim Factory ha come unico obiettivo quello di farvi vivere le emozioni, la passione e l\u2019adrenalina del motorsport perch\u00e9 produciamo postazioni di guida per il sim racing. Le nostre postazioni per simulazione di guida sono progettate ricreando la medesima rigidit\u00e0 del telaio di un\u2019auto da corsa, la stessa risposta alle sollecitazioni che solo i piloti conoscono, per ospitare i volanti e i pedali sim racing pi\u00f9 realistici con la massima versatilit\u00e0. Ogni dettaglio \u00e8 definito e curato con passione per offrirvi autentiche emozioni durante la guida virtuale, creando un\u2019esperienza coinvolgente e realistica. Il sim racer \u00e8 totalmente immerso nella guida, ogni nostro simracing cockpit \u00e8 realizzato per riprodurre fedelmente la posizione di guida delle vetture GT, delle Monoposto di F1 o delle auto da Rally e collaboriamo attivamente con piloti professionisti per garantirvi l\u2019autenticit\u00e0 dell\u2019esperienza. Con Sim Factory, entrerete in un mondo di simulazione di guida senza precedenti, ogni sessione di sim racing diventa un\u2019emozione appassionante, avvicinandovi quanto pi\u00f9 possibile alla pista reale e il vostro simulatore di guida diventer\u00e0 presto il vostro posto preferito. Sim Factory, Racing your Passion.","email":"info@simfactory.it","telephone":"+39 3342460429","legalName":"Sim Factory S.R.L.","vatID":"IT12965100014","taxID":"IT12965100014"}]},"product_price_amount":"47.00","product_price_currency":"EUR","og_availability":"instock","product_availability":"instock","product_retailer_item_id":"KI.UMO.01.N","product_condition":"new"},"_links":{"self":[{"href":"https:\/\/simfactory.it\/en\/wp-json\/wp\/v2\/product\/2737","targetHints":{"allow":["GET"]}}],"collection":[{"href":"https:\/\/simfactory.it\/en\/wp-json\/wp\/v2\/product"}],"about":[{"href":"https:\/\/simfactory.it\/en\/wp-json\/wp\/v2\/types\/product"}],"replies":[{"embeddable":true,"href":"https:\/\/simfactory.it\/en\/wp-json\/wp\/v2\/comments?post=2737"}],"version-history":[{"count":3,"href":"https:\/\/simfactory.it\/en\/wp-json\/wp\/v2\/product\/2737\/revisions"}],"predecessor-version":[{"id":5120,"href":"https:\/\/simfactory.it\/en\/wp-json\/wp\/v2\/product\/2737\/revisions\/5120"}],"wp:featuredmedia":[{"embeddable":true,"href":"https:\/\/simfactory.it\/en\/wp-json\/wp\/v2\/media\/1601"}],"wp:attachment":[{"href":"https:\/\/simfactory.it\/en\/wp-json\/wp\/v2\/media?parent=2737"}],"wp:term":[{"taxonomy":"product_brand","embeddable":true,"href":"https:\/\/simfactory.it\/en\/wp-json\/wp\/v2\/product_brand?post=2737"},{"taxonomy":"product_cat","embeddable":true,"href":"https:\/\/simfactory.it\/en\/wp-json\/wp\/v2\/product_cat?post=2737"},{"taxonomy":"product_tag","embeddable":true,"href":"https:\/\/simfactory.it\/en\/wp-json\/wp\/v2\/product_tag?post=2737"}],"curies":[{"name":"wp","href":"https:\/\/api.w.org\/{rel}","templated":true}]}}