{"id":2773,"date":"2024-02-13T14:35:10","date_gmt":"2024-02-13T13:35:10","guid":{"rendered":"https:\/\/simfactory.it\/prodotto\/sim-factory-pro-seat\/"},"modified":"2025-08-02T10:31:41","modified_gmt":"2025-08-02T08:31:41","slug":"sim-factory-pro-seat","status":"publish","type":"product","link":"https:\/\/simfactory.it\/en\/prodotto\/sim-factory-pro-seat\/","title":{"rendered":"Sim Factory Pro Seat"},"content":{"rendered":"\t\t<div data-elementor-type=\"product-post\" data-elementor-id=\"2773\" class=\"elementor elementor-2773 elementor-1079\" data-elementor-post-type=\"product\">\n\t\t\t\t<div class=\"elementor-element elementor-element-39e50af e-con-full e-flex e-con e-child\" data-id=\"39e50af\" data-element_type=\"container\" data-e-type=\"container\">\n\t\t<div class=\"elementor-element elementor-element-1d84c60 e-con-full e-flex e-con e-child\" data-id=\"1d84c60\" data-element_type=\"container\" data-e-type=\"container\" data-settings=\"{&quot;background_background&quot;:&quot;gradient&quot;}\">\n\t\t\t\t<div class=\"elementor-element elementor-element-0b6f4e5 elementor-invisible elementor-widget elementor-widget-image\" data-id=\"0b6f4e5\" data-element_type=\"widget\" data-e-type=\"widget\" data-settings=\"{&quot;_animation&quot;:&quot;zoomIn&quot;}\" data-widget_type=\"image.default\">\n\t\t\t\t<div class=\"elementor-widget-container\">\n\t\t\t\t\t\t\t\t\t\t\t\t\t\t\t<img fetchpriority=\"high\" decoding=\"async\" width=\"2560\" height=\"2560\" src=\"https:\/\/simfactory.it\/wp-content\/uploads\/MISURE-SF3000.PRO_.N-2-scaled.jpg\" class=\"attachment-full size-full wp-image-3623\" alt=\"e\" srcset=\"https:\/\/simfactory.it\/wp-content\/uploads\/MISURE-SF3000.PRO_.N-2-scaled.jpg 2560w, https:\/\/simfactory.it\/wp-content\/uploads\/MISURE-SF3000.PRO_.N-2-300x300.jpg 300w, https:\/\/simfactory.it\/wp-content\/uploads\/MISURE-SF3000.PRO_.N-2-1024x1024.jpg 1024w, https:\/\/simfactory.it\/wp-content\/uploads\/MISURE-SF3000.PRO_.N-2-150x150.jpg 150w, https:\/\/simfactory.it\/wp-content\/uploads\/MISURE-SF3000.PRO_.N-2-768x768.jpg 768w, https:\/\/simfactory.it\/wp-content\/uploads\/MISURE-SF3000.PRO_.N-2-1536x1536.jpg 1536w, https:\/\/simfactory.it\/wp-content\/uploads\/MISURE-SF3000.PRO_.N-2-2048x2048.jpg 2048w, https:\/\/simfactory.it\/wp-content\/uploads\/MISURE-SF3000.PRO_.N-2-1000x1000.jpg 1000w, https:\/\/simfactory.it\/wp-content\/uploads\/MISURE-SF3000.PRO_.N-2-100x100.jpg 100w, https:\/\/simfactory.it\/wp-content\/uploads\/MISURE-SF3000.PRO_.N-2-90x90.jpg 90w\" sizes=\"(max-width: 2560px) 100vw, 2560px\" \/>\t\t\t\t\t\t\t\t\t\t\t\t\t\t\t<\/div>\n\t\t\t\t<\/div>\n\t\t\t\t<\/div>\n\t\t<div class=\"elementor-element elementor-element-8ac00bb e-con-full e-flex elementor-invisible e-con e-child\" data-id=\"8ac00bb\" data-element_type=\"container\" data-e-type=\"container\" data-settings=\"{&quot;animation&quot;:&quot;fadeIn&quot;,&quot;animation_delay&quot;:300}\">\n\t\t\t\t<div class=\"elementor-element elementor-element-27d2464 elementor-widget elementor-widget-heading\" data-id=\"27d2464\" data-element_type=\"widget\" data-e-type=\"widget\" data-widget_type=\"heading.default\">\n\t\t\t\t<div class=\"elementor-widget-container\">\n\t\t\t\t\t<h2 class=\"elementor-heading-title elementor-size-default\"><span style=\"font-size: 30.4px\">SIM FACTORY PRO SEAT<\/span><\/h2>\t\t\t\t<\/div>\n\t\t\t\t<\/div>\n\t\t\t\t<div class=\"elementor-element elementor-element-e3630a9 elementor-widget elementor-widget-text-editor\" data-id=\"e3630a9\" data-element_type=\"widget\" data-e-type=\"widget\" data-widget_type=\"text-editor.default\">\n\t\t\t\t<div class=\"elementor-widget-container\">\n\t\t\t\t\t\t\t\t\t<p><span style=\"color: #808080;\">Model: SF3000.PRO.N<\/span><\/p>\n<p><span style=\"color: #808080;\">Measurements are in mm<\/span><\/p>\n<p><span style=\"color: #808080;\">Recommended user height: 175\/190cm<\/span><\/p>\n<p><span style=\"color: #808080;\">Recommended user weight: 80\/90Kg<\/span><\/p>\n\t\t\t\t\t\t\t\t<\/div>\n\t\t\t\t<\/div>\n\t\t\t\t<\/div>\n\t\t\t\t<\/div>\n\t\t\t\t<\/div>\n\t\t","protected":false},"excerpt":{"rendered":"<p>The <strong>Sim Factory Pro Seat<\/strong> is the top-of-the-line choice for professional and passionate sim racers demanding superior performance and quality.<br \/>\nIts high-rigidity fiberglass structure ensures complete body control, even during intense competitive and endurance sessions.<\/p>\n<p>Inspired by FIA professional racing seats, it features an ergonomic design with pronounced side supports for a perfect racing posture.<br \/>\nThe technical upholstery guarantees durability even under heavy use.<\/p>\n<p>Includes removable ergonomic cushions designed to fit the body shape and reduce fatigue.<br \/>\n<strong>Racing Seat Brackets<\/strong> and <strong>Universal Seat Sliders<\/strong> are sold separately.<\/p>\n<p>Pro Seat is ideal for those seeking maximum comfort, realism, and performance in sim racing.<br \/>\nEvery detail is crafted to provide an authentic driving experience, perfect for racers competing at the highest level.<\/p>\n","protected":false},"featured_media":4215,"comment_status":"open","ping_status":"closed","template":"","meta":[],"product_brand":[],"product_cat":[44],"product_tag":[],"class_list":{"0":"post-2773","1":"product","2":"type-product","3":"status-publish","4":"has-post-thumbnail","6":"product_cat-seats","8":"first","9":"outofstock","10":"taxable","11":"shipping-taxable","12":"purchasable","13":"product-type-simple"},"yoast_head":"<!-- This site is optimized with the Yoast SEO Premium plugin v27.3 (Yoast SEO v27.3) - https:\/\/yoast.com\/product\/yoast-seo-premium-wordpress\/ -->\n<title>Sim Factory Pro Seat<\/title>\n<meta name=\"description\" content=\"The Sim Factory Pro Seat gives you the ultimate in driving realism. With design identical to FIA seats, it is perfect for those seeking authentic driving.\" \/>\n<meta name=\"robots\" content=\"index, follow, max-snippet:-1, max-image-preview:large, max-video-preview:-1\" \/>\n<link rel=\"canonical\" href=\"https:\/\/simfactory.it\/en\/prodotto\/sim-factory-pro-seat\/\" \/>\n<meta property=\"og:locale\" content=\"en_US\" \/>\n<meta property=\"og:type\" content=\"article\" \/>\n<meta property=\"og:title\" content=\"Sim Factory Pro Seat\" \/>\n<meta property=\"og:description\" content=\"Our racing seats are designed and manufactured to provide you with maximum driving realism, design identical to FIA seats but without the homologation, with fiberglass construction and removable high-density foam cushions to provide a high level of comfort for extended driving sessions.\" \/>\n<meta property=\"og:url\" content=\"https:\/\/simfactory.it\/en\/prodotto\/sim-factory-pro-seat\/\" \/>\n<meta property=\"og:site_name\" content=\"SimFactory.it\" \/>\n<meta property=\"article:publisher\" content=\"https:\/\/www.facebook.com\/SimFactory.srl\" \/>\n<meta property=\"article:modified_time\" content=\"2025-08-02T08:31:41+00:00\" \/>\n<meta property=\"og:image\" content=\"https:\/\/simfactory.it\/wp-content\/uploads\/SIM-FACTORY-PRO-SEAT-3-scaled.jpg\" \/>\n\t<meta property=\"og:image:width\" content=\"2560\" \/>\n\t<meta property=\"og:image:height\" content=\"2560\" \/>\n\t<meta property=\"og:image:type\" content=\"image\/jpeg\" \/>\n<meta name=\"twitter:card\" content=\"summary_large_image\" \/>\n<meta name=\"twitter:title\" content=\"Sim Factory Pro Seat\" \/>\n<meta name=\"twitter:label1\" content=\"Price\" \/>\n\t<meta name=\"twitter:data1\" content=\"579,00&nbsp;&euro; Iva. Incl.\" \/>\n\t<meta name=\"twitter:label2\" content=\"Availability\" \/>\n\t<meta name=\"twitter:data2\" content=\"Out of stock\" \/>\n<script type=\"application\/ld+json\" class=\"yoast-schema-graph\">{\"@context\":\"https:\\\/\\\/schema.org\",\"@graph\":[{\"@type\":\"WebPage\",\"@id\":\"https:\\\/\\\/simfactory.it\\\/en\\\/prodotto\\\/sim-factory-pro-seat\\\/\",\"url\":\"https:\\\/\\\/simfactory.it\\\/en\\\/prodotto\\\/sim-factory-pro-seat\\\/\",\"name\":\"Sim Factory Pro Seat\",\"isPartOf\":{\"@id\":\"https:\\\/\\\/simfactory.it\\\/en\\\/#website\"},\"primaryImageOfPage\":{\"@id\":\"https:\\\/\\\/simfactory.it\\\/en\\\/prodotto\\\/sim-factory-pro-seat\\\/#primaryimage\"},\"image\":{\"@id\":\"https:\\\/\\\/simfactory.it\\\/en\\\/prodotto\\\/sim-factory-pro-seat\\\/#primaryimage\"},\"thumbnailUrl\":\"https:\\\/\\\/simfactory.it\\\/wp-content\\\/uploads\\\/SIM-FACTORY-PRO-SEAT-3-scaled.jpg\",\"datePublished\":\"2024-02-13T13:35:10+00:00\",\"dateModified\":\"2025-08-02T08:31:41+00:00\",\"description\":\"The Sim Factory Pro Seat gives you the ultimate in driving realism. With design identical to FIA seats, it is perfect for those seeking authentic driving.\",\"breadcrumb\":{\"@id\":\"https:\\\/\\\/simfactory.it\\\/en\\\/prodotto\\\/sim-factory-pro-seat\\\/#breadcrumb\"},\"inLanguage\":\"en-US\",\"potentialAction\":[{\"@type\":\"ReadAction\",\"target\":[\"https:\\\/\\\/simfactory.it\\\/en\\\/prodotto\\\/sim-factory-pro-seat\\\/\"]}]},{\"@type\":\"ImageObject\",\"inLanguage\":\"en-US\",\"@id\":\"https:\\\/\\\/simfactory.it\\\/en\\\/prodotto\\\/sim-factory-pro-seat\\\/#primaryimage\",\"url\":\"https:\\\/\\\/simfactory.it\\\/wp-content\\\/uploads\\\/SIM-FACTORY-PRO-SEAT-3-scaled.jpg\",\"contentUrl\":\"https:\\\/\\\/simfactory.it\\\/wp-content\\\/uploads\\\/SIM-FACTORY-PRO-SEAT-3-scaled.jpg\",\"width\":2560,\"height\":2560,\"caption\":\"The Sim Factory Pro Seat gives you the ultimate in driving realism. With design identical to FIA seats, it is perfect for those seeking authentic driving.\"},{\"@type\":\"BreadcrumbList\",\"@id\":\"https:\\\/\\\/simfactory.it\\\/en\\\/prodotto\\\/sim-factory-pro-seat\\\/#breadcrumb\",\"itemListElement\":[{\"@type\":\"ListItem\",\"position\":1,\"name\":\"Home\",\"item\":\"https:\\\/\\\/simfactory.it\\\/en\\\/\"},{\"@type\":\"ListItem\",\"position\":2,\"name\":\"Sim Factory Shop\",\"item\":\"https:\\\/\\\/simfactory.it\\\/en\\\/shop\\\/\"},{\"@type\":\"ListItem\",\"position\":3,\"name\":\"Sim Factory Pro Seat\"}]},{\"@type\":\"WebSite\",\"@id\":\"https:\\\/\\\/simfactory.it\\\/en\\\/#website\",\"url\":\"https:\\\/\\\/simfactory.it\\\/en\\\/\",\"name\":\"Sim Factory\",\"description\":\"Sim Racing Cockpits\",\"publisher\":{\"@id\":\"https:\\\/\\\/simfactory.it\\\/en\\\/#organization\"},\"alternateName\":\"Sim Factory\",\"potentialAction\":[{\"@type\":\"SearchAction\",\"target\":{\"@type\":\"EntryPoint\",\"urlTemplate\":\"https:\\\/\\\/simfactory.it\\\/en\\\/?s={search_term_string}\"},\"query-input\":{\"@type\":\"PropertyValueSpecification\",\"valueRequired\":true,\"valueName\":\"search_term_string\"}}],\"inLanguage\":\"en-US\"},{\"@type\":\"Organization\",\"@id\":\"https:\\\/\\\/simfactory.it\\\/en\\\/#organization\",\"name\":\"Sim Factory S.R.L.\",\"url\":\"https:\\\/\\\/simfactory.it\\\/en\\\/\",\"logo\":{\"@type\":\"ImageObject\",\"inLanguage\":\"en-US\",\"@id\":\"https:\\\/\\\/simfactory.it\\\/en\\\/#\\\/schema\\\/logo\\\/image\\\/\",\"url\":\"https:\\\/\\\/simfactory.it\\\/wp-content\\\/uploads\\\/LOGO-SF-SOCIAL.jpg\",\"contentUrl\":\"https:\\\/\\\/simfactory.it\\\/wp-content\\\/uploads\\\/LOGO-SF-SOCIAL.jpg\",\"width\":1600,\"height\":1600,\"caption\":\"Sim Factory S.R.L.\"},\"image\":{\"@id\":\"https:\\\/\\\/simfactory.it\\\/en\\\/#\\\/schema\\\/logo\\\/image\\\/\"},\"sameAs\":[\"https:\\\/\\\/www.facebook.com\\\/SimFactory.srl\",\"https:\\\/\\\/www.instagram.com\\\/sim_factory\",\"https:\\\/\\\/www.youtube.com\\\/@Sim_Factory\",\"https:\\\/\\\/www.linkedin.com\\\/company\\\/sim-factory-s-r-l\\\/\",\"https:\\\/\\\/www.tiktok.com\\\/@sim.factory\"],\"description\":\"Sim Factory ha come unico obiettivo quello di farvi vivere le emozioni, la passione e l\u2019adrenalina del motorsport perch\u00e9 produciamo postazioni di guida per il sim racing. Le nostre postazioni per simulazione di guida sono progettate ricreando la medesima rigidit\u00e0 del telaio di un\u2019auto da corsa, la stessa risposta alle sollecitazioni che solo i piloti conoscono, per ospitare i volanti e i pedali sim racing pi\u00f9 realistici con la massima versatilit\u00e0. Ogni dettaglio \u00e8 definito e curato con passione per offrirvi autentiche emozioni durante la guida virtuale, creando un\u2019esperienza coinvolgente e realistica. Il sim racer \u00e8 totalmente immerso nella guida, ogni nostro simracing cockpit \u00e8 realizzato per riprodurre fedelmente la posizione di guida delle vetture GT, delle Monoposto di F1 o delle auto da Rally e collaboriamo attivamente con piloti professionisti per garantirvi l\u2019autenticit\u00e0 dell\u2019esperienza. Con Sim Factory, entrerete in un mondo di simulazione di guida senza precedenti, ogni sessione di sim racing diventa un\u2019emozione appassionante, avvicinandovi quanto pi\u00f9 possibile alla pista reale e il vostro simulatore di guida diventer\u00e0 presto il vostro posto preferito. Sim Factory, Racing your Passion.\",\"email\":\"info@simfactory.it\",\"telephone\":\"+39 3342460429\",\"legalName\":\"Sim Factory S.R.L.\",\"vatID\":\"IT12965100014\",\"taxID\":\"IT12965100014\"}]}<\/script>\n<meta property=\"product:price:amount\" content=\"579.00\" \/>\n<meta property=\"product:price:currency\" content=\"EUR\" \/>\n<meta property=\"og:availability\" content=\"out of stock\" \/>\n<meta property=\"product:availability\" content=\"out of stock\" \/>\n<meta property=\"product:retailer_item_id\" content=\"SF3000.PRO.N\" \/>\n<meta property=\"product:condition\" content=\"new\" \/>\n<!-- \/ Yoast SEO Premium plugin. -->","yoast_head_json":{"title":"Sim Factory Pro Seat","description":"The Sim Factory Pro Seat gives you the ultimate in driving realism. With design identical to FIA seats, it is perfect for those seeking authentic driving.","robots":{"index":"index","follow":"follow","max-snippet":"max-snippet:-1","max-image-preview":"max-image-preview:large","max-video-preview":"max-video-preview:-1"},"canonical":"https:\/\/simfactory.it\/en\/prodotto\/sim-factory-pro-seat\/","og_locale":"en_US","og_type":"article","og_title":"Sim Factory Pro Seat","og_description":"Our racing seats are designed and manufactured to provide you with maximum driving realism, design identical to FIA seats but without the homologation, with fiberglass construction and removable high-density foam cushions to provide a high level of comfort for extended driving sessions.","og_url":"https:\/\/simfactory.it\/en\/prodotto\/sim-factory-pro-seat\/","og_site_name":"SimFactory.it","article_publisher":"https:\/\/www.facebook.com\/SimFactory.srl","article_modified_time":"2025-08-02T08:31:41+00:00","og_image":[{"width":2560,"height":2560,"url":"https:\/\/simfactory.it\/wp-content\/uploads\/SIM-FACTORY-PRO-SEAT-3-scaled.jpg","type":"image\/jpeg"}],"twitter_card":"summary_large_image","twitter_title":"Sim Factory Pro Seat","twitter_misc":{"Price":"579,00&nbsp;&euro; Iva. Incl.","Availability":"Out of stock"},"schema":{"@context":"https:\/\/schema.org","@graph":[{"@type":"WebPage","@id":"https:\/\/simfactory.it\/en\/prodotto\/sim-factory-pro-seat\/","url":"https:\/\/simfactory.it\/en\/prodotto\/sim-factory-pro-seat\/","name":"Sim Factory Pro Seat","isPartOf":{"@id":"https:\/\/simfactory.it\/en\/#website"},"primaryImageOfPage":{"@id":"https:\/\/simfactory.it\/en\/prodotto\/sim-factory-pro-seat\/#primaryimage"},"image":{"@id":"https:\/\/simfactory.it\/en\/prodotto\/sim-factory-pro-seat\/#primaryimage"},"thumbnailUrl":"https:\/\/simfactory.it\/wp-content\/uploads\/SIM-FACTORY-PRO-SEAT-3-scaled.jpg","datePublished":"2024-02-13T13:35:10+00:00","dateModified":"2025-08-02T08:31:41+00:00","description":"The Sim Factory Pro Seat gives you the ultimate in driving realism. With design identical to FIA seats, it is perfect for those seeking authentic driving.","breadcrumb":{"@id":"https:\/\/simfactory.it\/en\/prodotto\/sim-factory-pro-seat\/#breadcrumb"},"inLanguage":"en-US","potentialAction":[{"@type":"ReadAction","target":["https:\/\/simfactory.it\/en\/prodotto\/sim-factory-pro-seat\/"]}]},{"@type":"ImageObject","inLanguage":"en-US","@id":"https:\/\/simfactory.it\/en\/prodotto\/sim-factory-pro-seat\/#primaryimage","url":"https:\/\/simfactory.it\/wp-content\/uploads\/SIM-FACTORY-PRO-SEAT-3-scaled.jpg","contentUrl":"https:\/\/simfactory.it\/wp-content\/uploads\/SIM-FACTORY-PRO-SEAT-3-scaled.jpg","width":2560,"height":2560,"caption":"The Sim Factory Pro Seat gives you the ultimate in driving realism. With design identical to FIA seats, it is perfect for those seeking authentic driving."},{"@type":"BreadcrumbList","@id":"https:\/\/simfactory.it\/en\/prodotto\/sim-factory-pro-seat\/#breadcrumb","itemListElement":[{"@type":"ListItem","position":1,"name":"Home","item":"https:\/\/simfactory.it\/en\/"},{"@type":"ListItem","position":2,"name":"Sim Factory Shop","item":"https:\/\/simfactory.it\/en\/shop\/"},{"@type":"ListItem","position":3,"name":"Sim Factory Pro Seat"}]},{"@type":"WebSite","@id":"https:\/\/simfactory.it\/en\/#website","url":"https:\/\/simfactory.it\/en\/","name":"Sim Factory","description":"Sim Racing Cockpits","publisher":{"@id":"https:\/\/simfactory.it\/en\/#organization"},"alternateName":"Sim Factory","potentialAction":[{"@type":"SearchAction","target":{"@type":"EntryPoint","urlTemplate":"https:\/\/simfactory.it\/en\/?s={search_term_string}"},"query-input":{"@type":"PropertyValueSpecification","valueRequired":true,"valueName":"search_term_string"}}],"inLanguage":"en-US"},{"@type":"Organization","@id":"https:\/\/simfactory.it\/en\/#organization","name":"Sim Factory S.R.L.","url":"https:\/\/simfactory.it\/en\/","logo":{"@type":"ImageObject","inLanguage":"en-US","@id":"https:\/\/simfactory.it\/en\/#\/schema\/logo\/image\/","url":"https:\/\/simfactory.it\/wp-content\/uploads\/LOGO-SF-SOCIAL.jpg","contentUrl":"https:\/\/simfactory.it\/wp-content\/uploads\/LOGO-SF-SOCIAL.jpg","width":1600,"height":1600,"caption":"Sim Factory S.R.L."},"image":{"@id":"https:\/\/simfactory.it\/en\/#\/schema\/logo\/image\/"},"sameAs":["https:\/\/www.facebook.com\/SimFactory.srl","https:\/\/www.instagram.com\/sim_factory","https:\/\/www.youtube.com\/@Sim_Factory","https:\/\/www.linkedin.com\/company\/sim-factory-s-r-l\/","https:\/\/www.tiktok.com\/@sim.factory"],"description":"Sim Factory ha come unico obiettivo quello di farvi vivere le emozioni, la passione e l\u2019adrenalina del motorsport perch\u00e9 produciamo postazioni di guida per il sim racing. Le nostre postazioni per simulazione di guida sono progettate ricreando la medesima rigidit\u00e0 del telaio di un\u2019auto da corsa, la stessa risposta alle sollecitazioni che solo i piloti conoscono, per ospitare i volanti e i pedali sim racing pi\u00f9 realistici con la massima versatilit\u00e0. Ogni dettaglio \u00e8 definito e curato con passione per offrirvi autentiche emozioni durante la guida virtuale, creando un\u2019esperienza coinvolgente e realistica. Il sim racer \u00e8 totalmente immerso nella guida, ogni nostro simracing cockpit \u00e8 realizzato per riprodurre fedelmente la posizione di guida delle vetture GT, delle Monoposto di F1 o delle auto da Rally e collaboriamo attivamente con piloti professionisti per garantirvi l\u2019autenticit\u00e0 dell\u2019esperienza. Con Sim Factory, entrerete in un mondo di simulazione di guida senza precedenti, ogni sessione di sim racing diventa un\u2019emozione appassionante, avvicinandovi quanto pi\u00f9 possibile alla pista reale e il vostro simulatore di guida diventer\u00e0 presto il vostro posto preferito. Sim Factory, Racing your Passion.","email":"info@simfactory.it","telephone":"+39 3342460429","legalName":"Sim Factory S.R.L.","vatID":"IT12965100014","taxID":"IT12965100014"}]},"product_price_amount":"579.00","product_price_currency":"EUR","og_availability":"out of stock","product_availability":"out of stock","product_retailer_item_id":"SF3000.PRO.N","product_condition":"new"},"_links":{"self":[{"href":"https:\/\/simfactory.it\/en\/wp-json\/wp\/v2\/product\/2773","targetHints":{"allow":["GET"]}}],"collection":[{"href":"https:\/\/simfactory.it\/en\/wp-json\/wp\/v2\/product"}],"about":[{"href":"https:\/\/simfactory.it\/en\/wp-json\/wp\/v2\/types\/product"}],"replies":[{"embeddable":true,"href":"https:\/\/simfactory.it\/en\/wp-json\/wp\/v2\/comments?post=2773"}],"version-history":[{"count":11,"href":"https:\/\/simfactory.it\/en\/wp-json\/wp\/v2\/product\/2773\/revisions"}],"predecessor-version":[{"id":5137,"href":"https:\/\/simfactory.it\/en\/wp-json\/wp\/v2\/product\/2773\/revisions\/5137"}],"wp:featuredmedia":[{"embeddable":true,"href":"https:\/\/simfactory.it\/en\/wp-json\/wp\/v2\/media\/4215"}],"wp:attachment":[{"href":"https:\/\/simfactory.it\/en\/wp-json\/wp\/v2\/media?parent=2773"}],"wp:term":[{"taxonomy":"product_brand","embeddable":true,"href":"https:\/\/simfactory.it\/en\/wp-json\/wp\/v2\/product_brand?post=2773"},{"taxonomy":"product_cat","embeddable":true,"href":"https:\/\/simfactory.it\/en\/wp-json\/wp\/v2\/product_cat?post=2773"},{"taxonomy":"product_tag","embeddable":true,"href":"https:\/\/simfactory.it\/en\/wp-json\/wp\/v2\/product_tag?post=2773"}],"curies":[{"name":"wp","href":"https:\/\/api.w.org\/{rel}","templated":true}]}}