{"id":2775,"date":"2024-02-14T12:09:56","date_gmt":"2024-02-14T11:09:56","guid":{"rendered":"https:\/\/simfactory.it\/prodotto\/wheel-mount\/"},"modified":"2026-04-13T18:50:47","modified_gmt":"2026-04-13T16:50:47","slug":"wheel-mount","status":"publish","type":"product","link":"https:\/\/simfactory.it\/en\/prodotto\/wheel-mount\/","title":{"rendered":"Wheel Mount"},"content":{"rendered":"\t\t<div data-elementor-type=\"product-post\" data-elementor-id=\"2775\" class=\"elementor elementor-2775 elementor-1096\" data-elementor-post-type=\"product\">\n\t\t\t\t<div class=\"elementor-element elementor-element-7534a8b e-con-full e-flex e-con e-parent\" data-id=\"7534a8b\" data-element_type=\"container\" data-e-type=\"container\" data-settings=\"{&quot;background_background&quot;:&quot;classic&quot;}\">\n\t\t\t\t<div class=\"elementor-element elementor-element-45f811c elementor-headline--style-rotate elementor-widget elementor-widget-animated-headline\" data-id=\"45f811c\" data-element_type=\"widget\" data-e-type=\"widget\" data-settings=\"{&quot;headline_style&quot;:&quot;rotate&quot;,&quot;animation_type&quot;:&quot;swirl&quot;,&quot;rotating_text&quot;:&quot;Simucube\\nFanatec\\nSimagic\\nThrustmaster\\n3Drap\\nLogitech\\nHeusinkveld\\nBJ simracing\\nMeca Sim Hardware\\nConspit\\nAsetek\\nand many others..&quot;,&quot;rotate_iteration_delay&quot;:800,&quot;loop&quot;:&quot;yes&quot;}\" data-widget_type=\"animated-headline.default\">\n\t\t\t\t<div class=\"elementor-widget-container\">\n\t\t\t\t\t\t\t<h3 class=\"elementor-headline elementor-headline-animation-type-swirl elementor-headline-letters\">\n\t\t\t\t\t<span class=\"elementor-headline-plain-text elementor-headline-text-wrapper\">Discover the wide compatibility with all peripherals on the market<br><\/span>\n\t\t\t\t<span class=\"elementor-headline-dynamic-wrapper elementor-headline-text-wrapper\">\n\t\t\t\t\t<span class=\"elementor-headline-dynamic-text elementor-headline-text-active\">\n\t\t\t\tSimucube\t\t\t<\/span>\n\t\t\t\t\t<span class=\"elementor-headline-dynamic-text\">\n\t\t\t\tFanatec\t\t\t<\/span>\n\t\t\t\t\t<span class=\"elementor-headline-dynamic-text\">\n\t\t\t\tSimagic\t\t\t<\/span>\n\t\t\t\t\t<span class=\"elementor-headline-dynamic-text\">\n\t\t\t\tThrustmaster\t\t\t<\/span>\n\t\t\t\t\t<span class=\"elementor-headline-dynamic-text\">\n\t\t\t\t3Drap\t\t\t<\/span>\n\t\t\t\t\t<span class=\"elementor-headline-dynamic-text\">\n\t\t\t\tLogitech\t\t\t<\/span>\n\t\t\t\t\t<span class=\"elementor-headline-dynamic-text\">\n\t\t\t\tHeusinkveld\t\t\t<\/span>\n\t\t\t\t\t<span class=\"elementor-headline-dynamic-text\">\n\t\t\t\tBJ&nbsp;simracing\t\t\t<\/span>\n\t\t\t\t\t<span class=\"elementor-headline-dynamic-text\">\n\t\t\t\tMeca&nbsp;Sim&nbsp;Hardware\t\t\t<\/span>\n\t\t\t\t\t<span class=\"elementor-headline-dynamic-text\">\n\t\t\t\tConspit\t\t\t<\/span>\n\t\t\t\t\t<span class=\"elementor-headline-dynamic-text\">\n\t\t\t\tAsetek\t\t\t<\/span>\n\t\t\t\t\t<span class=\"elementor-headline-dynamic-text\">\n\t\t\t\tand&nbsp;many&nbsp;others..\t\t\t<\/span>\n\t\t\t\t\t\t<\/span>\n\t\t\t\t<\/h3>\n\t\t\t\t\t\t<\/div>\n\t\t\t\t<\/div>\n\t\t<div class=\"elementor-element elementor-element-48b5b4d e-con-full e-flex e-con e-child\" data-id=\"48b5b4d\" data-element_type=\"container\" data-e-type=\"container\">\n\t\t<div class=\"elementor-element elementor-element-0c1eb40 e-con-full e-flex e-con e-child\" data-id=\"0c1eb40\" data-element_type=\"container\" data-e-type=\"container\" data-settings=\"{&quot;background_background&quot;:&quot;gradient&quot;}\">\n\t\t\t\t<div class=\"elementor-element elementor-element-d1e91d2 elementor-invisible elementor-widget elementor-widget-image\" data-id=\"d1e91d2\" data-element_type=\"widget\" data-e-type=\"widget\" data-settings=\"{&quot;_animation&quot;:&quot;zoomIn&quot;}\" data-widget_type=\"image.default\">\n\t\t\t\t<div class=\"elementor-widget-container\">\n\t\t\t\t\t\t\t\t\t\t\t\t\t\t\t<img fetchpriority=\"high\" decoding=\"async\" width=\"1600\" height=\"1600\" src=\"https:\/\/simfactory.it\/wp-content\/uploads\/2024\/01\/ING-1.jpg\" class=\"attachment-full size-full wp-image-2197\" alt=\"postazione di guida\" srcset=\"https:\/\/simfactory.it\/wp-content\/uploads\/2024\/01\/ING-1.jpg 1600w, https:\/\/simfactory.it\/wp-content\/uploads\/2024\/01\/ING-1-300x300.jpg 300w, https:\/\/simfactory.it\/wp-content\/uploads\/2024\/01\/ING-1-1024x1024.jpg 1024w, https:\/\/simfactory.it\/wp-content\/uploads\/2024\/01\/ING-1-150x150.jpg 150w, https:\/\/simfactory.it\/wp-content\/uploads\/2024\/01\/ING-1-768x768.jpg 768w, https:\/\/simfactory.it\/wp-content\/uploads\/2024\/01\/ING-1-1536x1536.jpg 1536w, https:\/\/simfactory.it\/wp-content\/uploads\/2024\/01\/ING-1-1000x1000.jpg 1000w, https:\/\/simfactory.it\/wp-content\/uploads\/2024\/01\/ING-1-100x100.jpg 100w, https:\/\/simfactory.it\/wp-content\/uploads\/2024\/01\/ING-1-90x90.jpg 90w\" sizes=\"(max-width: 1600px) 100vw, 1600px\" \/>\t\t\t\t\t\t\t\t\t\t\t\t\t\t\t<\/div>\n\t\t\t\t<\/div>\n\t\t\t\t<\/div>\n\t\t<div class=\"elementor-element elementor-element-fb1de64 e-con-full e-flex elementor-invisible e-con e-child\" data-id=\"fb1de64\" data-element_type=\"container\" data-e-type=\"container\" data-settings=\"{&quot;animation&quot;:&quot;fadeIn&quot;,&quot;animation_delay&quot;:300}\">\n\t\t\t\t<div class=\"elementor-element elementor-element-23cc841 elementor-widget elementor-widget-heading\" data-id=\"23cc841\" data-element_type=\"widget\" data-e-type=\"widget\" data-widget_type=\"heading.default\">\n\t\t\t\t<div class=\"elementor-widget-container\">\n\t\t\t\t\t<h2 class=\"elementor-heading-title elementor-size-default\">HORIZONTAL WHEEL MOUNT<\/h2>\t\t\t\t<\/div>\n\t\t\t\t<\/div>\n\t\t\t\t<div class=\"elementor-element elementor-element-b0835ad elementor-widget elementor-widget-text-editor\" data-id=\"b0835ad\" data-element_type=\"widget\" data-e-type=\"widget\" data-widget_type=\"text-editor.default\">\n\t\t\t\t<div class=\"elementor-widget-container\">\n\t\t\t\t\t\t\t\t\t<p><span style=\"color: #808080;\"><em><strong>With the Horizontal Wheel Mount you can install:<\/strong><\/em><\/span><\/p>\n<ul>\n<li><span style=\"color: #808080;\">Logitech,<\/span><\/li>\n<li><span style=\"color: #808080;\">Thrustmaster,<\/span><\/li>\n<li><span style=\"color: #808080;\">Fanatec and many others..<\/span><\/li>\n<\/ul>\n\t\t\t\t\t\t\t\t<\/div>\n\t\t\t\t<\/div>\n\t\t\t\t<\/div>\n\t\t\t\t<\/div>\n\t\t<div class=\"elementor-element elementor-element-d249d08 e-con-full e-flex e-con e-child\" data-id=\"d249d08\" data-element_type=\"container\" data-e-type=\"container\">\n\t\t<div class=\"elementor-element elementor-element-158012e e-con-full e-flex e-con e-child\" data-id=\"158012e\" data-element_type=\"container\" data-e-type=\"container\" data-settings=\"{&quot;background_background&quot;:&quot;gradient&quot;}\">\n\t\t\t\t<div class=\"elementor-element elementor-element-99f72eb elementor-invisible elementor-widget elementor-widget-image\" data-id=\"99f72eb\" data-element_type=\"widget\" data-e-type=\"widget\" data-settings=\"{&quot;_animation&quot;:&quot;zoomIn&quot;}\" data-widget_type=\"image.default\">\n\t\t\t\t<div class=\"elementor-widget-container\">\n\t\t\t\t\t\t\t\t\t\t\t\t\t\t\t<img decoding=\"async\" width=\"1600\" height=\"1600\" src=\"https:\/\/simfactory.it\/wp-content\/uploads\/2024\/01\/ING-2.jpg\" class=\"attachment-full size-full wp-image-2200\" alt=\"postazione di guida\" srcset=\"https:\/\/simfactory.it\/wp-content\/uploads\/2024\/01\/ING-2.jpg 1600w, https:\/\/simfactory.it\/wp-content\/uploads\/2024\/01\/ING-2-300x300.jpg 300w, https:\/\/simfactory.it\/wp-content\/uploads\/2024\/01\/ING-2-1024x1024.jpg 1024w, https:\/\/simfactory.it\/wp-content\/uploads\/2024\/01\/ING-2-150x150.jpg 150w, https:\/\/simfactory.it\/wp-content\/uploads\/2024\/01\/ING-2-768x768.jpg 768w, https:\/\/simfactory.it\/wp-content\/uploads\/2024\/01\/ING-2-1536x1536.jpg 1536w, https:\/\/simfactory.it\/wp-content\/uploads\/2024\/01\/ING-2-1000x1000.jpg 1000w, https:\/\/simfactory.it\/wp-content\/uploads\/2024\/01\/ING-2-100x100.jpg 100w, https:\/\/simfactory.it\/wp-content\/uploads\/2024\/01\/ING-2-90x90.jpg 90w\" sizes=\"(max-width: 1600px) 100vw, 1600px\" \/>\t\t\t\t\t\t\t\t\t\t\t\t\t\t\t<\/div>\n\t\t\t\t<\/div>\n\t\t\t\t<\/div>\n\t\t<div class=\"elementor-element elementor-element-cb63aa8 e-con-full e-flex elementor-invisible e-con e-child\" data-id=\"cb63aa8\" data-element_type=\"container\" data-e-type=\"container\" data-settings=\"{&quot;animation&quot;:&quot;fadeIn&quot;,&quot;animation_delay&quot;:300}\">\n\t\t\t\t<div class=\"elementor-element elementor-element-fc6fd55 elementor-widget elementor-widget-heading\" data-id=\"fc6fd55\" data-element_type=\"widget\" data-e-type=\"widget\" data-widget_type=\"heading.default\">\n\t\t\t\t<div class=\"elementor-widget-container\">\n\t\t\t\t\t<h2 class=\"elementor-heading-title elementor-size-default\">VERTICAL DD WHEEL MOUNT<\/h2>\t\t\t\t<\/div>\n\t\t\t\t<\/div>\n\t\t\t\t<div class=\"elementor-element elementor-element-626ceca elementor-widget elementor-widget-text-editor\" data-id=\"626ceca\" data-element_type=\"widget\" data-e-type=\"widget\" data-widget_type=\"text-editor.default\">\n\t\t\t\t<div class=\"elementor-widget-container\">\n\t\t\t\t\t\t\t\t\t<p><span style=\"color: #808080;\"><em><strong>With the Vertical DD Wheel Mount you can install:<\/strong><\/em><\/span><\/p>\n<ul>\n<li><span style=\"color: #808080;\">Simucube 1,<\/span><\/li>\n<li><span style=\"color: #808080;\">Simucube 2 Sport, Pro and Ultimate,<\/span><\/li>\n<li><span style=\"color: #808080;\">Fanatec Podium DD1 and DD2,<\/span><\/li>\n<li><span style=\"color: #808080;\">Fanatec CSL DD, Club Sport DD, Gran Turismo DD,<\/span><\/li>\n<li><span style=\"color: #808080;\">Simagic Alpha e Alpha and many others..<\/span><\/li>\n<\/ul>\n\t\t\t\t\t\t\t\t<\/div>\n\t\t\t\t<\/div>\n\t\t\t\t<\/div>\n\t\t\t\t<\/div>\n\t\t\t\t<\/div>\n\t\t\t\t<\/div>\n\t\t","protected":false},"excerpt":{"rendered":"<p>Our Sim Racing <strong>Wheel Mount<\/strong> system comes in two versions: <strong>Horizontal Wheel Mount<\/strong> and <strong>Vertical DD Wheel Mount<\/strong>, both designed for maximum rigidity and precision.<\/p>\n<p>Made with rounded aluminum profiles and 10mm to 15mm thick plates, Sim Racing Wheel Mount provide ultra-solid support for every wheelbase.<\/p>\n<p>Fully adjustable in height, tilt, and depth, they allow a custom setup tailored to each sim racer\u2019s needs.<\/p>\n<p>The <strong>Horizontal Wheel Mount<\/strong> fits all motor bases with bottom screw mounting, while the <strong>Vertical DD Wheel Mount<\/strong> accommodates front or side mount motor bases, perfect for powerful direct drives.<\/p>\n<p>Both mounts install easily on <strong>Competizione<\/strong> and <strong>Monoposto<\/strong> sim racing cockpits, ensuring a professional and seamless integration.<\/p>\n<p>Engineered to eliminate flex even under intense driving sessions, these mounts guarantee maximum stability, precision, and realism for high-performance sim racing setups.<\/p>\n","protected":false},"featured_media":1856,"comment_status":"open","ping_status":"closed","template":"","meta":[],"product_brand":[],"product_cat":[46],"product_tag":[],"class_list":{"0":"post-2775","1":"product","2":"type-product","3":"status-publish","4":"has-post-thumbnail","6":"product_cat-accessories","8":"first","9":"instock","10":"sale","11":"taxable","12":"shipping-taxable","13":"purchasable","14":"product-type-variable"},"yoast_head":"<!-- This site is optimized with the Yoast SEO Premium plugin v27.3 (Yoast SEO v27.3) - https:\/\/yoast.com\/product\/yoast-seo-premium-wordpress\/ -->\n<title>Sim Racing Wheel Mount<\/title>\n<meta name=\"description\" content=\"High-strength adjustable wheel mount for sim racing. Compatible with direct drive and motor bases. Perfect stability and precision.\" \/>\n<meta name=\"robots\" content=\"index, follow, max-snippet:-1, max-image-preview:large, max-video-preview:-1\" \/>\n<link rel=\"canonical\" href=\"https:\/\/simfactory.it\/en\/prodotto\/wheel-mount\/\" \/>\n<meta property=\"og:locale\" content=\"en_US\" \/>\n<meta property=\"og:type\" content=\"article\" \/>\n<meta property=\"og:title\" content=\"Wheel Mount\" \/>\n<meta property=\"og:description\" content=\"Choose between Horizontal Wheel Mount and Vertical DD Wheel mount, our steering wheel mounts are designed for maximum rigidity and compatibility, fully adjustable. They are made with our exclusive radiused profiles and 10mm and 15mm thick aluminum plates\" \/>\n<meta property=\"og:url\" content=\"https:\/\/simfactory.it\/en\/prodotto\/wheel-mount\/\" \/>\n<meta property=\"og:site_name\" content=\"SimFactory.it\" \/>\n<meta property=\"article:publisher\" content=\"https:\/\/www.facebook.com\/SimFactory.srl\" \/>\n<meta property=\"article:modified_time\" content=\"2026-04-13T16:50:47+00:00\" \/>\n<meta property=\"og:image\" content=\"https:\/\/simfactory.it\/wp-content\/uploads\/2024\/02\/KI.SVO_.UN_.001_G.jpg\" \/>\n\t<meta property=\"og:image:width\" content=\"1600\" \/>\n\t<meta property=\"og:image:height\" content=\"1600\" \/>\n\t<meta property=\"og:image:type\" content=\"image\/jpeg\" \/>\n<meta name=\"twitter:card\" content=\"summary_large_image\" \/>\n<meta name=\"twitter:title\" content=\"Wheel Mount\" \/>\n<meta name=\"twitter:label1\" content=\"Availability\" \/>\n\t<meta name=\"twitter:data1\" content=\"In stock\" \/>\n<script type=\"application\/ld+json\" class=\"yoast-schema-graph\">{\"@context\":\"https:\\\/\\\/schema.org\",\"@graph\":[{\"@type\":\"WebPage\",\"@id\":\"https:\\\/\\\/simfactory.it\\\/en\\\/prodotto\\\/wheel-mount\\\/\",\"url\":\"https:\\\/\\\/simfactory.it\\\/en\\\/prodotto\\\/wheel-mount\\\/\",\"name\":\"Sim Racing Wheel Mount\",\"isPartOf\":{\"@id\":\"https:\\\/\\\/simfactory.it\\\/en\\\/#website\"},\"primaryImageOfPage\":{\"@id\":\"https:\\\/\\\/simfactory.it\\\/en\\\/prodotto\\\/wheel-mount\\\/#primaryimage\"},\"image\":{\"@id\":\"https:\\\/\\\/simfactory.it\\\/en\\\/prodotto\\\/wheel-mount\\\/#primaryimage\"},\"thumbnailUrl\":\"https:\\\/\\\/simfactory.it\\\/wp-content\\\/uploads\\\/2024\\\/02\\\/KI.SVO_.UN_.001_G.jpg\",\"datePublished\":\"2024-02-14T11:09:56+00:00\",\"dateModified\":\"2026-04-13T16:50:47+00:00\",\"description\":\"High-strength adjustable wheel mount for sim racing. Compatible with direct drive and motor bases. Perfect stability and precision.\",\"breadcrumb\":{\"@id\":\"https:\\\/\\\/simfactory.it\\\/en\\\/prodotto\\\/wheel-mount\\\/#breadcrumb\"},\"inLanguage\":\"en-US\",\"potentialAction\":[{\"@type\":\"ReadAction\",\"target\":[\"https:\\\/\\\/simfactory.it\\\/en\\\/prodotto\\\/wheel-mount\\\/\"]}]},{\"@type\":\"ImageObject\",\"inLanguage\":\"en-US\",\"@id\":\"https:\\\/\\\/simfactory.it\\\/en\\\/prodotto\\\/wheel-mount\\\/#primaryimage\",\"url\":\"https:\\\/\\\/simfactory.it\\\/wp-content\\\/uploads\\\/2024\\\/02\\\/KI.SVO_.UN_.001_G.jpg\",\"contentUrl\":\"https:\\\/\\\/simfactory.it\\\/wp-content\\\/uploads\\\/2024\\\/02\\\/KI.SVO_.UN_.001_G.jpg\",\"width\":1600,\"height\":1600,\"caption\":\"Sim Racing Wheel Mount\"},{\"@type\":\"BreadcrumbList\",\"@id\":\"https:\\\/\\\/simfactory.it\\\/en\\\/prodotto\\\/wheel-mount\\\/#breadcrumb\",\"itemListElement\":[{\"@type\":\"ListItem\",\"position\":1,\"name\":\"Home\",\"item\":\"https:\\\/\\\/simfactory.it\\\/en\\\/\"},{\"@type\":\"ListItem\",\"position\":2,\"name\":\"Sim Factory Shop\",\"item\":\"https:\\\/\\\/simfactory.it\\\/en\\\/shop\\\/\"},{\"@type\":\"ListItem\",\"position\":3,\"name\":\"Wheel Mount\"}]},{\"@type\":\"WebSite\",\"@id\":\"https:\\\/\\\/simfactory.it\\\/en\\\/#website\",\"url\":\"https:\\\/\\\/simfactory.it\\\/en\\\/\",\"name\":\"Sim Factory\",\"description\":\"Sim Racing Cockpits\",\"publisher\":{\"@id\":\"https:\\\/\\\/simfactory.it\\\/en\\\/#organization\"},\"alternateName\":\"Sim Factory\",\"potentialAction\":[{\"@type\":\"SearchAction\",\"target\":{\"@type\":\"EntryPoint\",\"urlTemplate\":\"https:\\\/\\\/simfactory.it\\\/en\\\/?s={search_term_string}\"},\"query-input\":{\"@type\":\"PropertyValueSpecification\",\"valueRequired\":true,\"valueName\":\"search_term_string\"}}],\"inLanguage\":\"en-US\"},{\"@type\":\"Organization\",\"@id\":\"https:\\\/\\\/simfactory.it\\\/en\\\/#organization\",\"name\":\"Sim Factory S.R.L.\",\"url\":\"https:\\\/\\\/simfactory.it\\\/en\\\/\",\"logo\":{\"@type\":\"ImageObject\",\"inLanguage\":\"en-US\",\"@id\":\"https:\\\/\\\/simfactory.it\\\/en\\\/#\\\/schema\\\/logo\\\/image\\\/\",\"url\":\"https:\\\/\\\/simfactory.it\\\/wp-content\\\/uploads\\\/LOGO-SF-SOCIAL.jpg\",\"contentUrl\":\"https:\\\/\\\/simfactory.it\\\/wp-content\\\/uploads\\\/LOGO-SF-SOCIAL.jpg\",\"width\":1600,\"height\":1600,\"caption\":\"Sim Factory S.R.L.\"},\"image\":{\"@id\":\"https:\\\/\\\/simfactory.it\\\/en\\\/#\\\/schema\\\/logo\\\/image\\\/\"},\"sameAs\":[\"https:\\\/\\\/www.facebook.com\\\/SimFactory.srl\",\"https:\\\/\\\/www.instagram.com\\\/sim_factory\",\"https:\\\/\\\/www.youtube.com\\\/@Sim_Factory\",\"https:\\\/\\\/www.linkedin.com\\\/company\\\/sim-factory-s-r-l\\\/\",\"https:\\\/\\\/www.tiktok.com\\\/@sim.factory\"],\"description\":\"Sim Factory ha come unico obiettivo quello di farvi vivere le emozioni, la passione e l\u2019adrenalina del motorsport perch\u00e9 produciamo postazioni di guida per il sim racing. Le nostre postazioni per simulazione di guida sono progettate ricreando la medesima rigidit\u00e0 del telaio di un\u2019auto da corsa, la stessa risposta alle sollecitazioni che solo i piloti conoscono, per ospitare i volanti e i pedali sim racing pi\u00f9 realistici con la massima versatilit\u00e0. Ogni dettaglio \u00e8 definito e curato con passione per offrirvi autentiche emozioni durante la guida virtuale, creando un\u2019esperienza coinvolgente e realistica. Il sim racer \u00e8 totalmente immerso nella guida, ogni nostro simracing cockpit \u00e8 realizzato per riprodurre fedelmente la posizione di guida delle vetture GT, delle Monoposto di F1 o delle auto da Rally e collaboriamo attivamente con piloti professionisti per garantirvi l\u2019autenticit\u00e0 dell\u2019esperienza. Con Sim Factory, entrerete in un mondo di simulazione di guida senza precedenti, ogni sessione di sim racing diventa un\u2019emozione appassionante, avvicinandovi quanto pi\u00f9 possibile alla pista reale e il vostro simulatore di guida diventer\u00e0 presto il vostro posto preferito. Sim Factory, Racing your Passion.\",\"email\":\"info@simfactory.it\",\"telephone\":\"+39 3342460429\",\"legalName\":\"Sim Factory S.R.L.\",\"vatID\":\"IT12965100014\",\"taxID\":\"IT12965100014\"}]}<\/script>\n<meta property=\"og:availability\" content=\"instock\" \/>\n<meta property=\"product:availability\" content=\"instock\" \/>\n<meta property=\"product:condition\" content=\"new\" \/>\n<!-- \/ Yoast SEO Premium plugin. -->","yoast_head_json":{"title":"Sim Racing Wheel Mount","description":"High-strength adjustable wheel mount for sim racing. Compatible with direct drive and motor bases. Perfect stability and precision.","robots":{"index":"index","follow":"follow","max-snippet":"max-snippet:-1","max-image-preview":"max-image-preview:large","max-video-preview":"max-video-preview:-1"},"canonical":"https:\/\/simfactory.it\/en\/prodotto\/wheel-mount\/","og_locale":"en_US","og_type":"article","og_title":"Wheel Mount","og_description":"Choose between Horizontal Wheel Mount and Vertical DD Wheel mount, our steering wheel mounts are designed for maximum rigidity and compatibility, fully adjustable. They are made with our exclusive radiused profiles and 10mm and 15mm thick aluminum plates","og_url":"https:\/\/simfactory.it\/en\/prodotto\/wheel-mount\/","og_site_name":"SimFactory.it","article_publisher":"https:\/\/www.facebook.com\/SimFactory.srl","article_modified_time":"2026-04-13T16:50:47+00:00","og_image":[{"width":1600,"height":1600,"url":"https:\/\/simfactory.it\/wp-content\/uploads\/2024\/02\/KI.SVO_.UN_.001_G.jpg","type":"image\/jpeg"}],"twitter_card":"summary_large_image","twitter_title":"Wheel Mount","twitter_misc":{"Availability":"In stock"},"schema":{"@context":"https:\/\/schema.org","@graph":[{"@type":"WebPage","@id":"https:\/\/simfactory.it\/en\/prodotto\/wheel-mount\/","url":"https:\/\/simfactory.it\/en\/prodotto\/wheel-mount\/","name":"Sim Racing Wheel Mount","isPartOf":{"@id":"https:\/\/simfactory.it\/en\/#website"},"primaryImageOfPage":{"@id":"https:\/\/simfactory.it\/en\/prodotto\/wheel-mount\/#primaryimage"},"image":{"@id":"https:\/\/simfactory.it\/en\/prodotto\/wheel-mount\/#primaryimage"},"thumbnailUrl":"https:\/\/simfactory.it\/wp-content\/uploads\/2024\/02\/KI.SVO_.UN_.001_G.jpg","datePublished":"2024-02-14T11:09:56+00:00","dateModified":"2026-04-13T16:50:47+00:00","description":"High-strength adjustable wheel mount for sim racing. Compatible with direct drive and motor bases. Perfect stability and precision.","breadcrumb":{"@id":"https:\/\/simfactory.it\/en\/prodotto\/wheel-mount\/#breadcrumb"},"inLanguage":"en-US","potentialAction":[{"@type":"ReadAction","target":["https:\/\/simfactory.it\/en\/prodotto\/wheel-mount\/"]}]},{"@type":"ImageObject","inLanguage":"en-US","@id":"https:\/\/simfactory.it\/en\/prodotto\/wheel-mount\/#primaryimage","url":"https:\/\/simfactory.it\/wp-content\/uploads\/2024\/02\/KI.SVO_.UN_.001_G.jpg","contentUrl":"https:\/\/simfactory.it\/wp-content\/uploads\/2024\/02\/KI.SVO_.UN_.001_G.jpg","width":1600,"height":1600,"caption":"Sim Racing Wheel Mount"},{"@type":"BreadcrumbList","@id":"https:\/\/simfactory.it\/en\/prodotto\/wheel-mount\/#breadcrumb","itemListElement":[{"@type":"ListItem","position":1,"name":"Home","item":"https:\/\/simfactory.it\/en\/"},{"@type":"ListItem","position":2,"name":"Sim Factory Shop","item":"https:\/\/simfactory.it\/en\/shop\/"},{"@type":"ListItem","position":3,"name":"Wheel Mount"}]},{"@type":"WebSite","@id":"https:\/\/simfactory.it\/en\/#website","url":"https:\/\/simfactory.it\/en\/","name":"Sim Factory","description":"Sim Racing Cockpits","publisher":{"@id":"https:\/\/simfactory.it\/en\/#organization"},"alternateName":"Sim Factory","potentialAction":[{"@type":"SearchAction","target":{"@type":"EntryPoint","urlTemplate":"https:\/\/simfactory.it\/en\/?s={search_term_string}"},"query-input":{"@type":"PropertyValueSpecification","valueRequired":true,"valueName":"search_term_string"}}],"inLanguage":"en-US"},{"@type":"Organization","@id":"https:\/\/simfactory.it\/en\/#organization","name":"Sim Factory S.R.L.","url":"https:\/\/simfactory.it\/en\/","logo":{"@type":"ImageObject","inLanguage":"en-US","@id":"https:\/\/simfactory.it\/en\/#\/schema\/logo\/image\/","url":"https:\/\/simfactory.it\/wp-content\/uploads\/LOGO-SF-SOCIAL.jpg","contentUrl":"https:\/\/simfactory.it\/wp-content\/uploads\/LOGO-SF-SOCIAL.jpg","width":1600,"height":1600,"caption":"Sim Factory S.R.L."},"image":{"@id":"https:\/\/simfactory.it\/en\/#\/schema\/logo\/image\/"},"sameAs":["https:\/\/www.facebook.com\/SimFactory.srl","https:\/\/www.instagram.com\/sim_factory","https:\/\/www.youtube.com\/@Sim_Factory","https:\/\/www.linkedin.com\/company\/sim-factory-s-r-l\/","https:\/\/www.tiktok.com\/@sim.factory"],"description":"Sim Factory ha come unico obiettivo quello di farvi vivere le emozioni, la passione e l\u2019adrenalina del motorsport perch\u00e9 produciamo postazioni di guida per il sim racing. Le nostre postazioni per simulazione di guida sono progettate ricreando la medesima rigidit\u00e0 del telaio di un\u2019auto da corsa, la stessa risposta alle sollecitazioni che solo i piloti conoscono, per ospitare i volanti e i pedali sim racing pi\u00f9 realistici con la massima versatilit\u00e0. Ogni dettaglio \u00e8 definito e curato con passione per offrirvi autentiche emozioni durante la guida virtuale, creando un\u2019esperienza coinvolgente e realistica. Il sim racer \u00e8 totalmente immerso nella guida, ogni nostro simracing cockpit \u00e8 realizzato per riprodurre fedelmente la posizione di guida delle vetture GT, delle Monoposto di F1 o delle auto da Rally e collaboriamo attivamente con piloti professionisti per garantirvi l\u2019autenticit\u00e0 dell\u2019esperienza. Con Sim Factory, entrerete in un mondo di simulazione di guida senza precedenti, ogni sessione di sim racing diventa un\u2019emozione appassionante, avvicinandovi quanto pi\u00f9 possibile alla pista reale e il vostro simulatore di guida diventer\u00e0 presto il vostro posto preferito. Sim Factory, Racing your Passion.","email":"info@simfactory.it","telephone":"+39 3342460429","legalName":"Sim Factory S.R.L.","vatID":"IT12965100014","taxID":"IT12965100014"}]},"og_availability":"instock","product_availability":"instock","product_condition":"new"},"_links":{"self":[{"href":"https:\/\/simfactory.it\/en\/wp-json\/wp\/v2\/product\/2775","targetHints":{"allow":["GET"]}}],"collection":[{"href":"https:\/\/simfactory.it\/en\/wp-json\/wp\/v2\/product"}],"about":[{"href":"https:\/\/simfactory.it\/en\/wp-json\/wp\/v2\/types\/product"}],"replies":[{"embeddable":true,"href":"https:\/\/simfactory.it\/en\/wp-json\/wp\/v2\/comments?post=2775"}],"version-history":[{"count":5,"href":"https:\/\/simfactory.it\/en\/wp-json\/wp\/v2\/product\/2775\/revisions"}],"predecessor-version":[{"id":5139,"href":"https:\/\/simfactory.it\/en\/wp-json\/wp\/v2\/product\/2775\/revisions\/5139"}],"wp:featuredmedia":[{"embeddable":true,"href":"https:\/\/simfactory.it\/en\/wp-json\/wp\/v2\/media\/1856"}],"wp:attachment":[{"href":"https:\/\/simfactory.it\/en\/wp-json\/wp\/v2\/media?parent=2775"}],"wp:term":[{"taxonomy":"product_brand","embeddable":true,"href":"https:\/\/simfactory.it\/en\/wp-json\/wp\/v2\/product_brand?post=2775"},{"taxonomy":"product_cat","embeddable":true,"href":"https:\/\/simfactory.it\/en\/wp-json\/wp\/v2\/product_cat?post=2775"},{"taxonomy":"product_tag","embeddable":true,"href":"https:\/\/simfactory.it\/en\/wp-json\/wp\/v2\/product_tag?post=2775"}],"curies":[{"name":"wp","href":"https:\/\/api.w.org\/{rel}","templated":true}]}}