{"id":4695,"date":"2025-03-25T11:25:07","date_gmt":"2025-03-25T10:25:07","guid":{"rendered":"https:\/\/simfactory.it\/?post_type=product&#038;p=4695"},"modified":"2025-05-21T20:16:12","modified_gmt":"2025-05-21T18:16:12","slug":"performante-horizontal-wheel-mount","status":"publish","type":"product","link":"https:\/\/simfactory.it\/en\/prodotto\/performante-horizontal-wheel-mount\/","title":{"rendered":"Performante Horizontal Wheel Mount"},"content":{"rendered":"","protected":false},"excerpt":{"rendered":"<p>The <strong>Performante Horizontal Wheel Mount<\/strong> is designed to provide a strong, versatile solution for mounting the most popular racing wheel bases on the market.<br \/>\nCompatible with Logitech, Thrustmaster, Fanatec, and many other models, it ensures easy and secure installation on the Sim Factory Performante cockpit.<\/p>\n<p>Crafted from 5 mm thick steel, the <strong>Performante Horizontal Wheel Mount<\/strong> delivers outstanding stability\u2014even during the most intense racing sessions.<br \/>\nThis mount is fully adjustable in height, tilt, and depth, allowing you to dial in the perfect driving position to match your style.<\/p>\n<p>Ideal for bottom-mounted wheels, this solution offers total compatibility with major sim racing systems.<br \/>\nIts horizontal configuration ensures optimal ergonomics, perfect for GT and Rally driving, and enhances both comfort and realism.<\/p>\n<p>Fully integrated with the Performante cockpit and compatible accessories, this wheel mount is easy to install and built to last.<br \/>\nWhether you&#8217;re a casual sim racer or a competitive enthusiast, this support guarantees a solid and immersive racing experience.<\/p>\n<p>Upgrade your setup with the <strong>Performante Horizontal Wheel Mount<\/strong> \u2013 a robust, adjustable mounting solution for unmatched sim racing precision.<\/p>\n","protected":false},"featured_media":4697,"comment_status":"open","ping_status":"closed","template":"","meta":[],"product_brand":[],"product_cat":[46],"product_tag":[],"class_list":{"0":"post-4695","1":"product","2":"type-product","3":"status-publish","4":"has-post-thumbnail","6":"product_cat-accessories","8":"first","9":"instock","10":"taxable","11":"shipping-taxable","12":"purchasable","13":"product-type-simple"},"yoast_head":"<!-- This site is optimized with the Yoast SEO Premium plugin v26.9 (Yoast SEO v26.9) - https:\/\/yoast.com\/product\/yoast-seo-premium-wordpress\/ -->\n<title>Performante Horizontal Wheel Mount | SimFactory.it<\/title>\n<meta name=\"description\" content=\"The Performante Horizontal Wheel Mount can accommodate wheel bases such as Logitech, Thrustmaster, Fanatec, and many others.\" \/>\n<meta name=\"robots\" content=\"index, follow, max-snippet:-1, max-image-preview:large, max-video-preview:-1\" \/>\n<link rel=\"canonical\" href=\"https:\/\/simfactory.it\/en\/prodotto\/performante-horizontal-wheel-mount\/\" \/>\n<meta property=\"og:locale\" content=\"en_US\" \/>\n<meta property=\"og:type\" content=\"article\" \/>\n<meta property=\"og:title\" content=\"Performante Horizontal Wheel Mount\" \/>\n<meta property=\"og:description\" content=\"The Performante Horizontal Wheel Mount can accommodate wheel bases such as Logitech, Thrustmaster, Fanatec, and many others.\" \/>\n<meta property=\"og:url\" content=\"https:\/\/simfactory.it\/en\/prodotto\/performante-horizontal-wheel-mount\/\" \/>\n<meta property=\"og:site_name\" content=\"SimFactory.it\" \/>\n<meta property=\"article:publisher\" content=\"https:\/\/www.facebook.com\/SimFactory.srl\" \/>\n<meta property=\"article:modified_time\" content=\"2025-05-21T18:16:12+00:00\" \/>\n<meta property=\"og:image\" content=\"https:\/\/simfactory.it\/wp-content\/uploads\/KI-POP-02-NO-3.jpg\" \/>\n\t<meta property=\"og:image:width\" content=\"1600\" \/>\n\t<meta property=\"og:image:height\" content=\"1600\" \/>\n\t<meta property=\"og:image:type\" content=\"image\/jpeg\" \/>\n<meta name=\"twitter:card\" content=\"summary_large_image\" \/>\n<meta name=\"twitter:title\" content=\"Performante Horizontal Wheel Mount\" \/>\n<meta name=\"twitter:label1\" content=\"Price\" \/>\n\t<meta name=\"twitter:data1\" content=\"69,00&nbsp;&euro; Iva. Incl.\" \/>\n\t<meta name=\"twitter:label2\" content=\"Availability\" \/>\n\t<meta name=\"twitter:data2\" content=\"In stock\" \/>\n<script type=\"application\/ld+json\" class=\"yoast-schema-graph\">{\"@context\":\"https:\/\/schema.org\",\"@graph\":[{\"@type\":\"WebPage\",\"@id\":\"https:\/\/simfactory.it\/en\/prodotto\/performante-horizontal-wheel-mount\/\",\"url\":\"https:\/\/simfactory.it\/en\/prodotto\/performante-horizontal-wheel-mount\/\",\"name\":\"Performante Horizontal Wheel Mount | SimFactory.it\",\"isPartOf\":{\"@id\":\"https:\/\/simfactory.it\/en\/#website\"},\"primaryImageOfPage\":{\"@id\":\"https:\/\/simfactory.it\/en\/prodotto\/performante-horizontal-wheel-mount\/#primaryimage\"},\"image\":{\"@id\":\"https:\/\/simfactory.it\/en\/prodotto\/performante-horizontal-wheel-mount\/#primaryimage\"},\"thumbnailUrl\":\"https:\/\/simfactory.it\/wp-content\/uploads\/KI-POP-02-NO-3.jpg\",\"datePublished\":\"2025-03-25T10:25:07+00:00\",\"dateModified\":\"2025-05-21T18:16:12+00:00\",\"description\":\"The Performante Horizontal Wheel Mount can accommodate wheel bases such as Logitech, Thrustmaster, Fanatec, and many others.\",\"breadcrumb\":{\"@id\":\"https:\/\/simfactory.it\/en\/prodotto\/performante-horizontal-wheel-mount\/#breadcrumb\"},\"inLanguage\":\"en-US\",\"potentialAction\":[{\"@type\":\"ReadAction\",\"target\":[\"https:\/\/simfactory.it\/en\/prodotto\/performante-horizontal-wheel-mount\/\"]}]},{\"@type\":\"ImageObject\",\"inLanguage\":\"en-US\",\"@id\":\"https:\/\/simfactory.it\/en\/prodotto\/performante-horizontal-wheel-mount\/#primaryimage\",\"url\":\"https:\/\/simfactory.it\/wp-content\/uploads\/KI-POP-02-NO-3.jpg\",\"contentUrl\":\"https:\/\/simfactory.it\/wp-content\/uploads\/KI-POP-02-NO-3.jpg\",\"width\":1600,\"height\":1600,\"caption\":\"Performante Horizontal Wheel Mount, il supporto volante compatibile con Logitech, Thrustmaster e Fanatec. Regolabile e ideale per ogni stile di guida.\"},{\"@type\":\"BreadcrumbList\",\"@id\":\"https:\/\/simfactory.it\/en\/prodotto\/performante-horizontal-wheel-mount\/#breadcrumb\",\"itemListElement\":[{\"@type\":\"ListItem\",\"position\":1,\"name\":\"Home\",\"item\":\"https:\/\/simfactory.it\/en\/\"},{\"@type\":\"ListItem\",\"position\":2,\"name\":\"Sim Factory Shop\",\"item\":\"https:\/\/simfactory.it\/en\/shop\/\"},{\"@type\":\"ListItem\",\"position\":3,\"name\":\"Performante Horizontal Wheel Mount\"}]},{\"@type\":\"WebSite\",\"@id\":\"https:\/\/simfactory.it\/en\/#website\",\"url\":\"https:\/\/simfactory.it\/en\/\",\"name\":\"Sim Factory\",\"description\":\"Sim Racing Cockpits\",\"publisher\":{\"@id\":\"https:\/\/simfactory.it\/en\/#organization\"},\"alternateName\":\"Sim Factory\",\"potentialAction\":[{\"@type\":\"SearchAction\",\"target\":{\"@type\":\"EntryPoint\",\"urlTemplate\":\"https:\/\/simfactory.it\/en\/?s={search_term_string}\"},\"query-input\":{\"@type\":\"PropertyValueSpecification\",\"valueRequired\":true,\"valueName\":\"search_term_string\"}}],\"inLanguage\":\"en-US\"},{\"@type\":\"Organization\",\"@id\":\"https:\/\/simfactory.it\/en\/#organization\",\"name\":\"Sim Factory S.R.L.\",\"url\":\"https:\/\/simfactory.it\/en\/\",\"logo\":{\"@type\":\"ImageObject\",\"inLanguage\":\"en-US\",\"@id\":\"https:\/\/simfactory.it\/en\/#\/schema\/logo\/image\/\",\"url\":\"https:\/\/simfactory.it\/wp-content\/uploads\/LOGO-SF-SOCIAL.jpg\",\"contentUrl\":\"https:\/\/simfactory.it\/wp-content\/uploads\/LOGO-SF-SOCIAL.jpg\",\"width\":1600,\"height\":1600,\"caption\":\"Sim Factory S.R.L.\"},\"image\":{\"@id\":\"https:\/\/simfactory.it\/en\/#\/schema\/logo\/image\/\"},\"sameAs\":[\"https:\/\/www.facebook.com\/SimFactory.srl\",\"https:\/\/www.instagram.com\/sim_factory\",\"https:\/\/www.youtube.com\/@Sim_Factory\",\"https:\/\/www.linkedin.com\/company\/sim-factory-s-r-l\/\",\"https:\/\/www.tiktok.com\/@sim.factory\"],\"description\":\"Sim Factory ha come unico obiettivo quello di farvi vivere le emozioni, la passione e l\u2019adrenalina del motorsport perch\u00e9 produciamo postazioni di guida per il sim racing. Le nostre postazioni per simulazione di guida sono progettate ricreando la medesima rigidit\u00e0 del telaio di un\u2019auto da corsa, la stessa risposta alle sollecitazioni che solo i piloti conoscono, per ospitare i volanti e i pedali sim racing pi\u00f9 realistici con la massima versatilit\u00e0. Ogni dettaglio \u00e8 definito e curato con passione per offrirvi autentiche emozioni durante la guida virtuale, creando un\u2019esperienza coinvolgente e realistica. Il sim racer \u00e8 totalmente immerso nella guida, ogni nostro simracing cockpit \u00e8 realizzato per riprodurre fedelmente la posizione di guida delle vetture GT, delle Monoposto di F1 o delle auto da Rally e collaboriamo attivamente con piloti professionisti per garantirvi l\u2019autenticit\u00e0 dell\u2019esperienza. Con Sim Factory, entrerete in un mondo di simulazione di guida senza precedenti, ogni sessione di sim racing diventa un\u2019emozione appassionante, avvicinandovi quanto pi\u00f9 possibile alla pista reale e il vostro simulatore di guida diventer\u00e0 presto il vostro posto preferito. Sim Factory, Racing your Passion.\",\"email\":\"info@simfactory.it\",\"telephone\":\"+39 3342460429\",\"legalName\":\"Sim Factory S.R.L.\",\"vatID\":\"IT12965100014\",\"taxID\":\"IT12965100014\"}]}<\/script>\n<meta property=\"product:price:amount\" content=\"69.00\" \/>\n<meta property=\"product:price:currency\" content=\"EUR\" \/>\n<meta property=\"og:availability\" content=\"instock\" \/>\n<meta property=\"product:availability\" content=\"instock\" \/>\n<meta property=\"product:retailer_item_id\" content=\"KI.POP.02.NO\" \/>\n<meta property=\"product:condition\" content=\"new\" \/>\n<!-- \/ Yoast SEO Premium plugin. -->","yoast_head_json":{"title":"Performante Horizontal Wheel Mount | SimFactory.it","description":"The Performante Horizontal Wheel Mount can accommodate wheel bases such as Logitech, Thrustmaster, Fanatec, and many others.","robots":{"index":"index","follow":"follow","max-snippet":"max-snippet:-1","max-image-preview":"max-image-preview:large","max-video-preview":"max-video-preview:-1"},"canonical":"https:\/\/simfactory.it\/en\/prodotto\/performante-horizontal-wheel-mount\/","og_locale":"en_US","og_type":"article","og_title":"Performante Horizontal Wheel Mount","og_description":"The Performante Horizontal Wheel Mount can accommodate wheel bases such as Logitech, Thrustmaster, Fanatec, and many others.","og_url":"https:\/\/simfactory.it\/en\/prodotto\/performante-horizontal-wheel-mount\/","og_site_name":"SimFactory.it","article_publisher":"https:\/\/www.facebook.com\/SimFactory.srl","article_modified_time":"2025-05-21T18:16:12+00:00","og_image":[{"width":1600,"height":1600,"url":"https:\/\/simfactory.it\/wp-content\/uploads\/KI-POP-02-NO-3.jpg","type":"image\/jpeg"}],"twitter_card":"summary_large_image","twitter_title":"Performante Horizontal Wheel Mount","twitter_misc":{"Price":"69,00&nbsp;&euro; Iva. Incl.","Availability":"In stock"},"schema":{"@context":"https:\/\/schema.org","@graph":[{"@type":"WebPage","@id":"https:\/\/simfactory.it\/en\/prodotto\/performante-horizontal-wheel-mount\/","url":"https:\/\/simfactory.it\/en\/prodotto\/performante-horizontal-wheel-mount\/","name":"Performante Horizontal Wheel Mount | SimFactory.it","isPartOf":{"@id":"https:\/\/simfactory.it\/en\/#website"},"primaryImageOfPage":{"@id":"https:\/\/simfactory.it\/en\/prodotto\/performante-horizontal-wheel-mount\/#primaryimage"},"image":{"@id":"https:\/\/simfactory.it\/en\/prodotto\/performante-horizontal-wheel-mount\/#primaryimage"},"thumbnailUrl":"https:\/\/simfactory.it\/wp-content\/uploads\/KI-POP-02-NO-3.jpg","datePublished":"2025-03-25T10:25:07+00:00","dateModified":"2025-05-21T18:16:12+00:00","description":"The Performante Horizontal Wheel Mount can accommodate wheel bases such as Logitech, Thrustmaster, Fanatec, and many others.","breadcrumb":{"@id":"https:\/\/simfactory.it\/en\/prodotto\/performante-horizontal-wheel-mount\/#breadcrumb"},"inLanguage":"en-US","potentialAction":[{"@type":"ReadAction","target":["https:\/\/simfactory.it\/en\/prodotto\/performante-horizontal-wheel-mount\/"]}]},{"@type":"ImageObject","inLanguage":"en-US","@id":"https:\/\/simfactory.it\/en\/prodotto\/performante-horizontal-wheel-mount\/#primaryimage","url":"https:\/\/simfactory.it\/wp-content\/uploads\/KI-POP-02-NO-3.jpg","contentUrl":"https:\/\/simfactory.it\/wp-content\/uploads\/KI-POP-02-NO-3.jpg","width":1600,"height":1600,"caption":"Performante Horizontal Wheel Mount, il supporto volante compatibile con Logitech, Thrustmaster e Fanatec. Regolabile e ideale per ogni stile di guida."},{"@type":"BreadcrumbList","@id":"https:\/\/simfactory.it\/en\/prodotto\/performante-horizontal-wheel-mount\/#breadcrumb","itemListElement":[{"@type":"ListItem","position":1,"name":"Home","item":"https:\/\/simfactory.it\/en\/"},{"@type":"ListItem","position":2,"name":"Sim Factory Shop","item":"https:\/\/simfactory.it\/en\/shop\/"},{"@type":"ListItem","position":3,"name":"Performante Horizontal Wheel Mount"}]},{"@type":"WebSite","@id":"https:\/\/simfactory.it\/en\/#website","url":"https:\/\/simfactory.it\/en\/","name":"Sim Factory","description":"Sim Racing Cockpits","publisher":{"@id":"https:\/\/simfactory.it\/en\/#organization"},"alternateName":"Sim Factory","potentialAction":[{"@type":"SearchAction","target":{"@type":"EntryPoint","urlTemplate":"https:\/\/simfactory.it\/en\/?s={search_term_string}"},"query-input":{"@type":"PropertyValueSpecification","valueRequired":true,"valueName":"search_term_string"}}],"inLanguage":"en-US"},{"@type":"Organization","@id":"https:\/\/simfactory.it\/en\/#organization","name":"Sim Factory S.R.L.","url":"https:\/\/simfactory.it\/en\/","logo":{"@type":"ImageObject","inLanguage":"en-US","@id":"https:\/\/simfactory.it\/en\/#\/schema\/logo\/image\/","url":"https:\/\/simfactory.it\/wp-content\/uploads\/LOGO-SF-SOCIAL.jpg","contentUrl":"https:\/\/simfactory.it\/wp-content\/uploads\/LOGO-SF-SOCIAL.jpg","width":1600,"height":1600,"caption":"Sim Factory S.R.L."},"image":{"@id":"https:\/\/simfactory.it\/en\/#\/schema\/logo\/image\/"},"sameAs":["https:\/\/www.facebook.com\/SimFactory.srl","https:\/\/www.instagram.com\/sim_factory","https:\/\/www.youtube.com\/@Sim_Factory","https:\/\/www.linkedin.com\/company\/sim-factory-s-r-l\/","https:\/\/www.tiktok.com\/@sim.factory"],"description":"Sim Factory ha come unico obiettivo quello di farvi vivere le emozioni, la passione e l\u2019adrenalina del motorsport perch\u00e9 produciamo postazioni di guida per il sim racing. Le nostre postazioni per simulazione di guida sono progettate ricreando la medesima rigidit\u00e0 del telaio di un\u2019auto da corsa, la stessa risposta alle sollecitazioni che solo i piloti conoscono, per ospitare i volanti e i pedali sim racing pi\u00f9 realistici con la massima versatilit\u00e0. Ogni dettaglio \u00e8 definito e curato con passione per offrirvi autentiche emozioni durante la guida virtuale, creando un\u2019esperienza coinvolgente e realistica. Il sim racer \u00e8 totalmente immerso nella guida, ogni nostro simracing cockpit \u00e8 realizzato per riprodurre fedelmente la posizione di guida delle vetture GT, delle Monoposto di F1 o delle auto da Rally e collaboriamo attivamente con piloti professionisti per garantirvi l\u2019autenticit\u00e0 dell\u2019esperienza. Con Sim Factory, entrerete in un mondo di simulazione di guida senza precedenti, ogni sessione di sim racing diventa un\u2019emozione appassionante, avvicinandovi quanto pi\u00f9 possibile alla pista reale e il vostro simulatore di guida diventer\u00e0 presto il vostro posto preferito. Sim Factory, Racing your Passion.","email":"info@simfactory.it","telephone":"+39 3342460429","legalName":"Sim Factory S.R.L.","vatID":"IT12965100014","taxID":"IT12965100014"}]},"product_price_amount":"69.00","product_price_currency":"EUR","og_availability":"instock","product_availability":"instock","product_retailer_item_id":"KI.POP.02.NO","product_condition":"new"},"_links":{"self":[{"href":"https:\/\/simfactory.it\/en\/wp-json\/wp\/v2\/product\/4695","targetHints":{"allow":["GET"]}}],"collection":[{"href":"https:\/\/simfactory.it\/en\/wp-json\/wp\/v2\/product"}],"about":[{"href":"https:\/\/simfactory.it\/en\/wp-json\/wp\/v2\/types\/product"}],"replies":[{"embeddable":true,"href":"https:\/\/simfactory.it\/en\/wp-json\/wp\/v2\/comments?post=4695"}],"version-history":[{"count":5,"href":"https:\/\/simfactory.it\/en\/wp-json\/wp\/v2\/product\/4695\/revisions"}],"predecessor-version":[{"id":5164,"href":"https:\/\/simfactory.it\/en\/wp-json\/wp\/v2\/product\/4695\/revisions\/5164"}],"wp:featuredmedia":[{"embeddable":true,"href":"https:\/\/simfactory.it\/en\/wp-json\/wp\/v2\/media\/4697"}],"wp:attachment":[{"href":"https:\/\/simfactory.it\/en\/wp-json\/wp\/v2\/media?parent=4695"}],"wp:term":[{"taxonomy":"product_brand","embeddable":true,"href":"https:\/\/simfactory.it\/en\/wp-json\/wp\/v2\/product_brand?post=4695"},{"taxonomy":"product_cat","embeddable":true,"href":"https:\/\/simfactory.it\/en\/wp-json\/wp\/v2\/product_cat?post=4695"},{"taxonomy":"product_tag","embeddable":true,"href":"https:\/\/simfactory.it\/en\/wp-json\/wp\/v2\/product_tag?post=4695"}],"curies":[{"name":"wp","href":"https:\/\/api.w.org\/{rel}","templated":true}]}}